{"id":21771,"date":"2021-12-07T13:57:06","date_gmt":"2021-12-07T12:57:06","guid":{"rendered":"https:\/\/bpprzasnysz.pl\/zasob-czasopism\/"},"modified":"2022-11-04T10:26:08","modified_gmt":"2022-11-04T09:26:08","slug":"zasob-czasopism","status":"publish","type":"page","link":"https:\/\/bpprzasnysz.pl\/en\/zasob-czasopism\/","title":{"rendered":"Zas\u00f3b czasopism biblioteki"},"content":{"rendered":"\n<h5 class=\"wp-block-heading\">WYKAZ CZASOPISM<\/h5>\n\n\n\n<div class=\"wp-block-columns is-layout-flex wp-container-core-columns-is-layout-28f84493 wp-block-columns-is-layout-flex\">\n<div class=\"wp-block-column is-layout-flow wp-block-column-is-layout-flow\">\n<ol class=\"wp-block-list\"><li>Aura<\/li><li>Biblioteka w Szkole<\/li><li>Bibliotekarz<\/li><li>Biblioterapeuta<\/li><li>Biologia w Szkole<\/li><li>Charaktery<\/li><li>Chemia w Szkole<\/li><li>Chowanna<\/li><li>Dialog<\/li><li>Dyrektor Szko\u0142y<\/li><li>Dzieje Najnowsze<\/li><li>Dziennik Gazeta Prawna<\/li><li>Edukacja<\/li><li>Edukacja i Dialog<\/li><li>Edukacja Ustawiczna Doros\u0142ych<\/li><li>Fizyka w Szkole<\/li><li>Gazeta Wyborcza<\/li><li>Geografia w Szkole<\/li><li>G\u0142os Nauczycielski<\/li><li>G\u0142os Pedagogiczny<\/li><li>Guliwer<\/li><li>IT w Edukacji<\/li><li>J\u0119zyk Polski<\/li><li>J\u0119zyk Polski w Szkole IV-VI<\/li><li>J\u0119zyk Polski w Gimnazjum<\/li><li>J\u0119zyk Polski w Liceum<\/li><li>Kwartalnik Historyczny<\/li><li>Kwartalnik Pedagogiczny<\/li><li>Literatura na \u015awiecie<\/li><li>Magazyn Trenera<\/li><li>Matematyka<\/li><li>Monitor Dyrektora Przedszkola<\/li><li>Monitor&nbsp; Dyrektora Szko\u0142y<\/li><li>M\u00f3wi\u0105 Wieki<\/li><li>Nauczanie Pocz\u0105tkowe<\/li><li>Niebieska Linia<\/li><li>Niepe\u0142nosprawno\u015b\u0107 i Rehabilitacja<\/li><li>Nowa Szko\u0142a<\/li><li>Nowe Ksi\u0105\u017cki<\/li><\/ol>\n<\/div>\n\n\n\n<div class=\"wp-block-column is-layout-flow wp-block-column-is-layout-flow\">\n<ol class=\"wp-block-list\" start=\"40\"><li>Pami\u0119tnik Literacki<\/li><li>Pa\u0144stwo i Prawo<\/li><li>Pedagogika Spo\u0142eczna<\/li><li>Polityka<\/li><li>Polonistyka<\/li><li>Poradnik Bibliotekarza<\/li><li>Poradnik J\u0119zykowy<\/li><li>Praca Socjalna<\/li><li>Problemy Opieku\u0144czo-Wychowawcze<\/li><li>Przegl\u0105d Biblioteczny<\/li><li>Przegl\u0105d Historyczno-O\u015bwiatowy<\/li><li>Przegl\u0105d Historyczny<\/li><li>Przegl\u0105d Humanistyczny<\/li><li>Przyroda Polska<\/li><li>Psychologia w Szkole<\/li><li>Remedium<\/li><li>Ruch Literacki<\/li><li>Ruch Pedagogiczny<\/li><li>Rzeczpospolita<\/li><li>Sprawy Mi\u0119dzynarodowe<\/li><li>Szko\u0142a Specjalna<\/li><li>\u015awiat Nauki<\/li><li>\u015awietlica w Szkole<\/li><li>Tw\u00f3j Styl<\/li><li>Tw\u00f3rczo\u015b\u0107<\/li><li>Tygodnik Ostro\u0142\u0119cki<\/li><li>Tygodnik Powszechny<\/li><li>Wiadomo\u015bci Historyczne<\/li><li>Wiedza i \u017bycie<\/li><li>Wprost<\/li><li>Wychowanie Fizyczne i Sport<\/li><li>Wychowanie Fizyczne i Zdrowotne<\/li><li>Wychowanie Muzyczne<\/li><li>Wychowanie na Co Dzie\u0144<\/li><li>Wychowanie w Przedszkolu<\/li><li>Wychowawca<\/li><li>Zagadnienia Informacji Naukowej<\/li><li>Zeszyty Literackie<\/li><li>Znak<\/li><li>Zwierciad\u0142o<\/li><li>\u017bycie Szko\u0142y<\/li><\/ol>\n<\/div>\n<\/div>\n","protected":false},"excerpt":{"rendered":"<p>WYKAZ CZASOPISM Aura Biblioteka w Szkole Bibliotekarz Biblioterapeuta Biologia w Szkole Charaktery Chemia w Szkole Chowanna Dialog Dyrektor Szko\u0142y Dzieje [&hellip;]<\/p>\n","protected":false},"author":10,"featured_media":0,"parent":0,"menu_order":0,"comment_status":"closed","ping_status":"closed","template":"","meta":{"_acf_changed":false,"_oasis_is_in_workflow":0,"_oasis_original":0,"inline_featured_image":false,"site-sidebar-layout":"default","site-content-layout":"","ast-site-content-layout":"default","site-content-style":"default","site-sidebar-style":"default","ast-global-header-display":"","ast-banner-title-visibility":"","ast-main-header-display":"","ast-hfb-above-header-display":"","ast-hfb-below-header-display":"","ast-hfb-mobile-header-display":"","site-post-title":"","ast-breadcrumbs-content":"","ast-featured-img":"","footer-sml-layout":"","ast-disable-related-posts":"","theme-transparent-header-meta":"","adv-header-id-meta":"","stick-header-meta":"","header-above-stick-meta":"","header-main-stick-meta":"","header-below-stick-meta":"","astra-migrate-meta-layouts":"default","ast-page-background-enabled":"default","ast-page-background-meta":{"desktop":{"background-color":"","background-image":"","background-repeat":"repeat","background-position":"center center","background-size":"auto","background-attachment":"scroll","background-type":"","background-media":"","overlay-type":"","overlay-color":"","overlay-opacity":"","overlay-gradient":""},"tablet":{"background-color":"","background-image":"","background-repeat":"repeat","background-position":"center center","background-size":"auto","background-attachment":"scroll","background-type":"","background-media":"","overlay-type":"","overlay-color":"","overlay-opacity":"","overlay-gradient":""},"mobile":{"background-color":"","background-image":"","background-repeat":"repeat","background-position":"center center","background-size":"auto","background-attachment":"scroll","background-type":"","background-media":"","overlay-type":"","overlay-color":"","overlay-opacity":"","overlay-gradient":""}},"ast-content-background-meta":{"desktop":{"background-color":"var(--ast-global-color-5)","background-image":"","background-repeat":"repeat","background-position":"center center","background-size":"auto","background-attachment":"scroll","background-type":"","background-media":"","overlay-type":"","overlay-color":"","overlay-opacity":"","overlay-gradient":""},"tablet":{"background-color":"var(--ast-global-color-5)","background-image":"","background-repeat":"repeat","background-position":"center center","background-size":"auto","background-attachment":"scroll","background-type":"","background-media":"","overlay-type":"","overlay-color":"","overlay-opacity":"","overlay-gradient":""},"mobile":{"background-color":"var(--ast-global-color-5)","background-image":"","background-repeat":"repeat","background-position":"center center","background-size":"auto","background-attachment":"scroll","background-type":"","background-media":"","overlay-type":"","overlay-color":"","overlay-opacity":"","overlay-gradient":""}},"_themeisle_gutenberg_block_has_review":false,"footnotes":""},"class_list":["post-21771","page","type-page","status-publish","hentry"],"acf":[],"featured_image_urls_v2":{"full":"","thumbnail":"","medium":"","medium_large":"","large":"","1536x1536":"","2048x2048":"","menu-24x24":"","menu-36x36":"","menu-48x48":""},"post_excerpt_stackable_v2":"<p>WYKAZ CZASOPISM AuraBiblioteka w SzkoleBibliotekarzBiblioterapeutaBiologia w SzkoleCharakteryChemia w SzkoleChowannaDialogDyrektor Szko\u0142yDzieje NajnowszeDziennik Gazeta PrawnaEdukacjaEdukacja i DialogEdukacja Ustawiczna Doros\u0142ychFizyka w SzkoleGazeta WyborczaGeografia w SzkoleG\u0142os NauczycielskiG\u0142os PedagogicznyGuliwerIT w EdukacjiJ\u0119zyk PolskiJ\u0119zyk Polski w Szkole IV-VIJ\u0119zyk Polski w GimnazjumJ\u0119zyk Polski w LiceumKwartalnik HistorycznyKwartalnik PedagogicznyLiteratura na \u015awiecieMagazyn TreneraMatematykaMonitor Dyrektora PrzedszkolaMonitor&nbsp; Dyrektora Szko\u0142yM\u00f3wi\u0105 WiekiNauczanie Pocz\u0105tkoweNiebieska LiniaNiepe\u0142nosprawno\u015b\u0107 i RehabilitacjaNowa Szko\u0142aNowe Ksi\u0105\u017cki Pami\u0119tnik LiterackiPa\u0144stwo i PrawoPedagogika Spo\u0142ecznaPolitykaPolonistykaPoradnik BibliotekarzaPoradnik J\u0119zykowyPraca SocjalnaProblemy Opieku\u0144czo-WychowawczePrzegl\u0105d BibliotecznyPrzegl\u0105d Historyczno-O\u015bwiatowyPrzegl\u0105d HistorycznyPrzegl\u0105d HumanistycznyPrzyroda PolskaPsychologia w SzkoleRemediumRuch LiterackiRuch PedagogicznyRzeczpospolitaSprawy Mi\u0119dzynarodoweSzko\u0142a Specjalna\u015awiat Nauki\u015awietlica w SzkoleTw\u00f3j StylTw\u00f3rczo\u015b\u0107Tygodnik Ostro\u0142\u0119ckiTygodnik PowszechnyWiadomo\u015bci HistoryczneWiedza i \u017bycieWprostWychowanie Fizyczne i SportWychowanie Fizyczne i ZdrowotneWychowanie MuzyczneWychowanie na Co Dzie\u0144Wychowanie w PrzedszkoluWychowawcaZagadnienia Informacji NaukowejZeszyty LiterackieZnakZwierciad\u0142o\u017bycie Szko\u0142y<\/p>\n","category_list_v2":"","author_info_v2":{"name":"bWdyemVnb3Jjenlr","url":"https:\/\/bpprzasnysz.pl\/en\/author\/bwdyemvnb3jjenlr\/"},"comments_num_v2":"0 comments","_links":{"self":[{"href":"https:\/\/bpprzasnysz.pl\/en\/wp-json\/wp\/v2\/pages\/21771","targetHints":{"allow":["GET"]}}],"collection":[{"href":"https:\/\/bpprzasnysz.pl\/en\/wp-json\/wp\/v2\/pages"}],"about":[{"href":"https:\/\/bpprzasnysz.pl\/en\/wp-json\/wp\/v2\/types\/page"}],"author":[{"embeddable":true,"href":"https:\/\/bpprzasnysz.pl\/en\/wp-json\/wp\/v2\/users\/10"}],"replies":[{"embeddable":true,"href":"https:\/\/bpprzasnysz.pl\/en\/wp-json\/wp\/v2\/comments?post=21771"}],"version-history":[{"count":2,"href":"https:\/\/bpprzasnysz.pl\/en\/wp-json\/wp\/v2\/pages\/21771\/revisions"}],"predecessor-version":[{"id":25268,"href":"https:\/\/bpprzasnysz.pl\/en\/wp-json\/wp\/v2\/pages\/21771\/revisions\/25268"}],"wp:attachment":[{"href":"https:\/\/bpprzasnysz.pl\/en\/wp-json\/wp\/v2\/media?parent=21771"}],"curies":[{"name":"wp","href":"https:\/\/api.w.org\/{rel}","templated":true}]}}