{"id":23361,"date":"2022-06-27T14:29:52","date_gmt":"2022-06-27T12:29:52","guid":{"rendered":"https:\/\/bpprzasnysz.pl\/mapa-strony\/"},"modified":"2024-05-13T13:16:27","modified_gmt":"2024-05-13T11:16:27","slug":"mapa-strony","status":"publish","type":"page","link":"https:\/\/bpprzasnysz.pl\/en\/mapa-strony\/","title":{"rendered":"Sitemap"},"content":{"rendered":"<ul class=\"wp-block-page-list\"><li class=\"wp-block-pages-list__item\"><a class=\"wp-block-pages-list__item__link\" href=\"https:\/\/bpprzasnysz.pl\/en\/accessibility-declaration\/\">Accessibility declaration<\/a><\/li><li class=\"wp-block-pages-list__item\"><a class=\"wp-block-pages-list__item__link\" href=\"https:\/\/bpprzasnysz.pl\/en\/librarianship-reading\/\">Bibliotekarstwo. Czytelnictwo<\/a><\/li><li class=\"wp-block-pages-list__item\"><a class=\"wp-block-pages-list__item__link\" href=\"https:\/\/bpprzasnysz.pl\/en\/bibliotherapy\/\">Bibliotherapy<\/a><\/li><li class=\"wp-block-pages-list__item\"><a class=\"wp-block-pages-list__item__link\" href=\"https:\/\/bpprzasnysz.pl\/en\/podarowali-nam\/\">Biuletyn nabytk\u00f3w<\/a><\/li><li class=\"wp-block-pages-list__item\"><a class=\"wp-block-pages-list__item__link\" href=\"https:\/\/bpprzasnysz.pl\/en\/calendar\/\">Calendar<\/a><\/li><li class=\"wp-block-pages-list__item\"><a class=\"wp-block-pages-list__item__link\" href=\"https:\/\/bpprzasnysz.pl\/en\/kontakt\/\">Contact<\/a><\/li><li class=\"wp-block-pages-list__item\"><a class=\"wp-block-pages-list__item__link\" href=\"https:\/\/bpprzasnysz.pl\/en\/departments\/\">Departments<\/a><\/li><li class=\"wp-block-pages-list__item\"><a class=\"wp-block-pages-list__item__link\" href=\"https:\/\/bpprzasnysz.pl\/en\/events\/\">Events<\/a><\/li><li class=\"wp-block-pages-list__item\"><a class=\"wp-block-pages-list__item__link\" href=\"https:\/\/bpprzasnysz.pl\/en\/filie-biblioteki-pedagogicznej-w-ostrolece\/\">Filie Biblioteki Pedagogicznej w Ostro\u0142\u0119ce<\/a><\/li><li class=\"wp-block-pages-list__item\"><a class=\"wp-block-pages-list__item__link\" href=\"https:\/\/bpprzasnysz.pl\/en\/rodo\/\">GDPR<\/a><\/li><li class=\"wp-block-pages-list__item\"><a class=\"wp-block-pages-list__item__link\" href=\"https:\/\/bpprzasnysz.pl\/en\/gry-edukacyjne\/\">Gry edukacyjne<\/a><\/li><li class=\"wp-block-pages-list__item\"><a class=\"wp-block-pages-list__item__link\" href=\"https:\/\/bpprzasnysz.pl\/en\/higiena-cyfrowa\/\">Higiena cyfrowa<\/a><\/li><li class=\"wp-block-pages-list__item\"><a class=\"wp-block-pages-list__item__link\" href=\"https:\/\/bpprzasnysz.pl\/en\/history\/\">History<\/a><\/li><li class=\"wp-block-pages-list__item\"><a class=\"wp-block-pages-list__item__link\" href=\"https:\/\/bpprzasnysz.pl\/en\/improving-the-quality-of-inclusive-education-in-schools-and-educational-institutions\/\">Improving the quality of inclusive education in schools and educational institutions.<\/a><\/li><li class=\"wp-block-pages-list__item\"><a class=\"wp-block-pages-list__item__link\" href=\"https:\/\/bpprzasnysz.pl\/en\/improving-the-quality-of-mathematics-science-and-it-education\/\">Improving the quality of mathematics, science and IT education.<\/a><\/li><li class=\"wp-block-pages-list__item\"><a class=\"wp-block-pages-list__item__link\" href=\"https:\/\/bpprzasnysz.pl\/en\/inne\/\">Inne<\/a><\/li><li class=\"wp-block-pages-list__item\"><a class=\"wp-block-pages-list__item__link\" href=\"https:\/\/bpprzasnysz.pl\/en\/kadra-sprzed-lat\/\">Kadra sprzed lat<\/a><\/li><li class=\"wp-block-pages-list__item\"><a class=\"wp-block-pages-list__item__link\" href=\"https:\/\/bpprzasnysz.pl\/en\/klauzula-informacyjna\/\">Klauzula informacyjna<\/a><\/li><li class=\"wp-block-pages-list__item\"><a class=\"wp-block-pages-list__item__link\" href=\"https:\/\/bpprzasnysz.pl\/en\/koncepcja-pracy-bp\/\">Koncepcja pracy BP<\/a><\/li><li class=\"wp-block-pages-list__item\"><a class=\"wp-block-pages-list__item__link\" href=\"https:\/\/bpprzasnysz.pl\/en\/books\/\">Ksi\u0105\u017cki<\/a><\/li><li class=\"wp-block-pages-list__item\"><a class=\"wp-block-pages-list__item__link\" href=\"https:\/\/bpprzasnysz.pl\/en\/lek-egzaminacyjny-a-dobrostan-u-maturzystow\/\">L\u0119k egzaminacyjny a dobrostan u maturzyst\u00f3w<\/a><\/li><li class=\"wp-block-pages-list__item\"><a class=\"wp-block-pages-list__item__link\" href=\"https:\/\/bpprzasnysz.pl\/en\/libra\/\">Libra<\/a><\/li><li class=\"wp-block-pages-list__item\"><a class=\"wp-block-pages-list__item__link\" href=\"https:\/\/bpprzasnysz.pl\/en\/librarianship-readers\/\">Librarianship. Readers<\/a><\/li><li class=\"wp-block-pages-list__item\"><a class=\"wp-block-pages-list__item__link\" href=\"https:\/\/bpprzasnysz.pl\/en\/log-in\/\">Log in<\/a><\/li><li class=\"wp-block-pages-list__item\"><a class=\"wp-block-pages-list__item__link\" href=\"https:\/\/bpprzasnysz.pl\/en\/methodology-of-teaching-individual-subjects\/\">Methodology of teaching individual subjects<\/a><\/li><li class=\"wp-block-pages-list__item\"><a class=\"wp-block-pages-list__item__link\" href=\"https:\/\/bpprzasnysz.pl\/en\/news\/\">News<\/a><\/li><li class=\"wp-block-pages-list__item\"><a class=\"wp-block-pages-list__item__link\" href=\"https:\/\/bpprzasnysz.pl\/en\/newsletter-regulations\/\">Newsletter regulations<\/a><\/li><li class=\"wp-block-pages-list__item\"><a class=\"wp-block-pages-list__item__link\" href=\"https:\/\/bpprzasnysz.pl\/en\/ochrona\/\">Ochrona danych osobowych w Bibliotece Pedagogicznej w Ostro\u0142\u0119ce Filii w Wyszkowie<\/a><\/li><li class=\"wp-block-pages-list__item\"><a class=\"wp-block-pages-list__item__link\" href=\"https:\/\/bpprzasnysz.pl\/en\/oferta-szkoleniowa\/\">Oferta szkoleniowa<\/a><\/li><li class=\"wp-block-pages-list__item\"><a class=\"wp-block-pages-list__item__link\" href=\"https:\/\/bpprzasnysz.pl\/en\/ogloszenia\/\">Og\u0142oszenia<\/a><\/li><li class=\"wp-block-pages-list__item\"><a class=\"wp-block-pages-list__item__link\" href=\"https:\/\/bpprzasnysz.pl\/en\/education-education-education-education\/\">Pedagogika. Szkolnictwo. O\u015bwiata. Wychowanie.<\/a><\/li><li class=\"wp-block-pages-list__item\"><a class=\"wp-block-pages-list__item__link\" href=\"https:\/\/bpprzasnysz.pl\/en\/personal-bibliographies\/\">Personal Bibliographies<\/a><\/li><li class=\"wp-block-pages-list__item\"><a class=\"wp-block-pages-list__item__link\" href=\"https:\/\/bpprzasnysz.pl\/en\/potwierdzenie-realizacji\/\">Potwierdzenie realizacji<\/a><\/li><li class=\"wp-block-pages-list__item\"><a class=\"wp-block-pages-list__item__link\" href=\"https:\/\/bpprzasnysz.pl\/en\/privacy-policy\/\">Privacy policy<\/a><\/li><li class=\"wp-block-pages-list__item\"><a class=\"wp-block-pages-list__item__link\" href=\"https:\/\/bpprzasnysz.pl\/en\/procedura-covid-19\/\">Procedura COVID 19<\/a><\/li><li class=\"wp-block-pages-list__item\"><a class=\"wp-block-pages-list__item__link\" href=\"https:\/\/bpprzasnysz.pl\/en\/psychology\/\">Psychology<\/a><\/li><li class=\"wp-block-pages-list__item\"><a class=\"wp-block-pages-list__item__link\" href=\"https:\/\/bpprzasnysz.pl\/en\/purchase-suggestions\/\">Purchase suggestions<\/a><\/li><li class=\"wp-block-pages-list__item\"><a class=\"wp-block-pages-list__item__link\" href=\"https:\/\/bpprzasnysz.pl\/en\/regionalia\/\">Regionalia<\/a><\/li><li class=\"wp-block-pages-list__item\"><a class=\"wp-block-pages-list__item__link\" href=\"https:\/\/bpprzasnysz.pl\/en\/regionalism\/\">Regionalizm<\/a><\/li><li class=\"wp-block-pages-list__item\"><a class=\"wp-block-pages-list__item__link\" href=\"https:\/\/bpprzasnysz.pl\/en\/register\/\">Register<\/a><\/li><li class=\"wp-block-pages-list__item\"><a class=\"wp-block-pages-list__item__link\" href=\"https:\/\/bpprzasnysz.pl\/en\/regulaminy\/\">Regulaminy<\/a><\/li><li class=\"wp-block-pages-list__item\"><a class=\"wp-block-pages-list__item__link\" href=\"https:\/\/bpprzasnysz.pl\/en\/repertoire-material\/\">Repertoire materials<\/a><\/li><li class=\"wp-block-pages-list__item\"><a class=\"wp-block-pages-list__item__link\" href=\"https:\/\/bpprzasnysz.pl\/en\/safety-on-the-internet-responsible-use-of-social-media\/\">Safety on the Internet. Responsible use of social media.<\/a><\/li><li class=\"wp-block-pages-list__item\"><a class=\"wp-block-pages-list__item__link\" href=\"https:\/\/bpprzasnysz.pl\/en\/school-library-2\/\">School Library<\/a><\/li><li class=\"wp-block-pages-list__item\"><a class=\"wp-block-pages-list__item__link\" href=\"https:\/\/bpprzasnysz.pl\/en\/serwis-prasowy\/\">Serwis prasowy<\/a><\/li><li class=\"wp-block-pages-list__item\"><a class=\"wp-block-pages-list__item__link\" href=\"https:\/\/bpprzasnysz.pl\/en\/mapa-strony\/\">Sitemap<\/a><\/li><li class=\"wp-block-pages-list__item\"><a class=\"wp-block-pages-list__item__link\" href=\"https:\/\/bpprzasnysz.pl\/en\/social-pathology-aggressiveness-addiction-violence\/\">Social pathology. Aggressiveness. Addiction. Violence<\/a><\/li><li class=\"wp-block-pages-list__item\"><a class=\"wp-block-pages-list__item__link\" href=\"https:\/\/bpprzasnysz.pl\/en\/sprawdz\/\">Sprawd\u017a<\/a><\/li><li class=\"wp-block-pages-list__item menu-item-home\"><a class=\"wp-block-pages-list__item__link\" href=\"https:\/\/bpprzasnysz.pl\/en\/\">Strona g\u0142\u00f3wna<\/a><\/li><li class=\"wp-block-pages-list__item\"><a class=\"wp-block-pages-list__item__link\" href=\"https:\/\/bpprzasnysz.pl\/en\/strona-kursow\/\">Strona kurs\u00f3w<\/a><\/li><li class=\"wp-block-pages-list__item\"><a class=\"wp-block-pages-list__item__link\" href=\"https:\/\/bpprzasnysz.pl\/en\/szkolna-biblioteka\/\">Szkolna biblioteka<\/a><\/li><li class=\"wp-block-pages-list__item\"><a class=\"wp-block-pages-list__item__link\" href=\"https:\/\/bpprzasnysz.pl\/en\/education-and-training\/\">Szkolnictwo i O\u015bwiata<\/a><\/li><li class=\"wp-block-pages-list__item\"><a class=\"wp-block-pages-list__item__link\" href=\"https:\/\/bpprzasnysz.pl\/en\/they-wrote-about-us\/\">They wrote about us<\/a><\/li><li class=\"wp-block-pages-list__item has-child\"><a class=\"wp-block-pages-list__item__link\" href=\"https:\/\/bpprzasnysz.pl\/en\/user-profile\/\">User profile<\/a><ul class=\"wp-block-navigation__submenu-container\"><li class=\"wp-block-pages-list__item \"><a class=\"wp-block-pages-list__item__link\" href=\"https:\/\/bpprzasnysz.pl\/en\/user-profile\/my-articles\/\">My Articles<\/a><\/li><li class=\"wp-block-pages-list__item \"><a class=\"wp-block-pages-list__item__link\" href=\"https:\/\/bpprzasnysz.pl\/en\/user-profile\/my-complaints-and-requests\/\">My complaints and requests<\/a><\/li><li class=\"wp-block-pages-list__item \"><a class=\"wp-block-pages-list__item__link\" href=\"https:\/\/bpprzasnysz.pl\/en\/user-profile\/my-consents\/\">My consents<\/a><\/li><li class=\"wp-block-pages-list__item \"><a class=\"wp-block-pages-list__item__link\" href=\"https:\/\/bpprzasnysz.pl\/en\/user-profile\/my-courses\/\">My courses<\/a><\/li><li class=\"wp-block-pages-list__item \"><a class=\"wp-block-pages-list__item__link\" href=\"https:\/\/bpprzasnysz.pl\/en\/user-profile\/my-errors\/\">My errors<\/a><\/li><li class=\"wp-block-pages-list__item \"><a class=\"wp-block-pages-list__item__link\" href=\"https:\/\/bpprzasnysz.pl\/en\/user-profile\/my-events\/\">My events<\/a><\/li><li class=\"wp-block-pages-list__item \"><a class=\"wp-block-pages-list__item__link\" href=\"https:\/\/bpprzasnysz.pl\/en\/user-profile\/my-exhibitions\/\">My exhibitions<\/a><\/li><li class=\"wp-block-pages-list__item \"><a class=\"wp-block-pages-list__item__link\" href=\"https:\/\/bpprzasnysz.pl\/en\/user-profile\/my-inquiries\/\">My Inquiries<\/a><\/li><li class=\"wp-block-pages-list__item \"><a class=\"wp-block-pages-list__item__link\" href=\"https:\/\/bpprzasnysz.pl\/en\/user-profile\/my-library-lessons\/\">My library lessons<\/a><\/li><li class=\"wp-block-pages-list__item \"><a class=\"wp-block-pages-list__item__link\" href=\"https:\/\/bpprzasnysz.pl\/en\/user-profile\/my-library-lists\/\">My library lists<\/a><\/li><li class=\"wp-block-pages-list__item \"><a class=\"wp-block-pages-list__item__link\" href=\"https:\/\/bpprzasnysz.pl\/en\/user-profile\/my-news\/\">My news<\/a><\/li><li class=\"wp-block-pages-list__item \"><a class=\"wp-block-pages-list__item__link\" href=\"https:\/\/bpprzasnysz.pl\/en\/user-profile\/my-practices\/\">My practices<\/a><\/li><li class=\"wp-block-pages-list__item has-child \"><a class=\"wp-block-pages-list__item__link\" href=\"https:\/\/bpprzasnysz.pl\/en\/user-profile\/my-profile\/\">My profile<\/a><ul class=\"wp-block-navigation__submenu-container\"><li class=\"wp-block-pages-list__item \"><a class=\"wp-block-pages-list__item__link\" href=\"https:\/\/bpprzasnysz.pl\/en\/user-profile\/my-profile\/edit-profile\/\">Edit profile<\/a><\/li><\/ul><\/li><li class=\"wp-block-pages-list__item \"><a class=\"wp-block-pages-list__item__link\" href=\"https:\/\/bpprzasnysz.pl\/en\/user-profile\/my-purchase-suggestions\/\">My purchase suggestions<\/a><\/li><li class=\"wp-block-pages-list__item \"><a class=\"wp-block-pages-list__item__link\" href=\"https:\/\/bpprzasnysz.pl\/en\/user-profile\/my-scans\/\">My scans<\/a><\/li><li class=\"wp-block-pages-list__item \"><a class=\"wp-block-pages-list__item__link\" href=\"https:\/\/bpprzasnysz.pl\/en\/user-profile\/my-videoconferences\/\">My videoconferences<\/a><\/li><\/ul><\/li><li class=\"wp-block-pages-list__item\"><a class=\"wp-block-pages-list__item__link\" href=\"https:\/\/bpprzasnysz.pl\/en\/uslugi\/\">Us\u0142ugi<\/a><\/li><li class=\"wp-block-pages-list__item\"><a class=\"wp-block-pages-list__item__link\" href=\"https:\/\/bpprzasnysz.pl\/en\/implementation-of-the-new-core-curriculum-for-general-education\/\">Wdra\u017canie nowej podstawy programowej kszta\u0142cenia og\u00f3lnego.<\/a><\/li><li class=\"wp-block-pages-list__item\"><a class=\"wp-block-pages-list__item__link\" href=\"https:\/\/bpprzasnysz.pl\/en\/wielka-wojna-na-polnocnym-mazowszu\/\">Wielka Wojna na P\u00f3\u0142nocnym Mazowszu<\/a><\/li><li class=\"wp-block-pages-list__item\"><a class=\"wp-block-pages-list__item__link\" href=\"https:\/\/bpprzasnysz.pl\/en\/introduction\/\">Wprowadzanie doradztwa zawodowego do szk\u00f3\u0142 i plac\u00f3wek<\/a><\/li><li class=\"wp-block-pages-list__item\"><a class=\"wp-block-pages-list__item__link\" href=\"https:\/\/bpprzasnysz.pl\/en\/memories\/\">Wspomnienia<\/a><\/li><li class=\"wp-block-pages-list__item\"><a class=\"wp-block-pages-list__item__link\" href=\"https:\/\/bpprzasnysz.pl\/en\/wzmacnianie-wychowawczej-roli-szkoly\/\">Wzmacnianie wychowawczej roli szko\u0142y<\/a><\/li><li class=\"wp-block-pages-list__item\"><a class=\"wp-block-pages-list__item__link\" href=\"https:\/\/bpprzasnysz.pl\/en\/zasob-czasopism\/\">Zas\u00f3b czasopism biblioteki<\/a><\/li><li class=\"wp-block-pages-list__item\"><a class=\"wp-block-pages-list__item__link\" href=\"https:\/\/bpprzasnysz.pl\/en\/zasoby-cyfrowe-2\/\">Zasoby cyfrowe<\/a><\/li><li class=\"wp-block-pages-list__item\"><a class=\"wp-block-pages-list__item__link\" href=\"https:\/\/bpprzasnysz.pl\/en\/zbiory\/\">Zbiory<\/a><\/li><li class=\"wp-block-pages-list__item\"><a class=\"wp-block-pages-list__item__link\" href=\"https:\/\/bpprzasnysz.pl\/en\/zestawienia-tematyczne-2\/\">Zestawienia tematyczne<\/a><\/li><li class=\"wp-block-pages-list__item\"><a class=\"wp-block-pages-list__item__link\" href=\"https:\/\/bpprzasnysz.pl\/en\/thematic-lists\/\">Zestawienia tematyczne<\/a><\/li><li class=\"wp-block-pages-list__item\"><a class=\"wp-block-pages-list__item__link\" href=\"https:\/\/bpprzasnysz.pl\/en\/zgoda-na-otrzymywanie-wiadomosci-zwiazanych-z-wydarzeniami-i-wideokonferencjami\/\">Zgoda na otrzymywanie wiadomo\u015bci zwi\u0105zanych z wydarzeniami i wideokonferencjami<\/a><\/li><\/ul>","protected":false},"excerpt":{"rendered":"","protected":false},"author":110,"featured_media":0,"parent":0,"menu_order":0,"comment_status":"closed","ping_status":"closed","template":"","meta":{"_acf_changed":false,"_oasis_is_in_workflow":0,"_oasis_original":0,"inline_featured_image":false,"site-sidebar-layout":"default","site-content-layout":"","ast-site-content-layout":"default","site-content-style":"default","site-sidebar-style":"default","ast-global-header-display":"","ast-banner-title-visibility":"","ast-main-header-display":"","ast-hfb-above-header-display":"","ast-hfb-below-header-display":"","ast-hfb-mobile-header-display":"","site-post-title":"","ast-breadcrumbs-content":"","ast-featured-img":"","footer-sml-layout":"","ast-disable-related-posts":"","theme-transparent-header-meta":"","adv-header-id-meta":"","stick-header-meta":"","header-above-stick-meta":"","header-main-stick-meta":"","header-below-stick-meta":"","astra-migrate-meta-layouts":"set","ast-page-background-enabled":"default","ast-page-background-meta":{"desktop":{"background-color":"","background-image":"","background-repeat":"repeat","background-position":"center center","background-size":"auto","background-attachment":"scroll","background-type":"","background-media":"","overlay-type":"","overlay-color":"","overlay-opacity":"","overlay-gradient":""},"tablet":{"background-color":"","background-image":"","background-repeat":"repeat","background-position":"center center","background-size":"auto","background-attachment":"scroll","background-type":"","background-media":"","overlay-type":"","overlay-color":"","overlay-opacity":"","overlay-gradient":""},"mobile":{"background-color":"","background-image":"","background-repeat":"repeat","background-position":"center center","background-size":"auto","background-attachment":"scroll","background-type":"","background-media":"","overlay-type":"","overlay-color":"","overlay-opacity":"","overlay-gradient":""}},"ast-content-background-meta":{"desktop":{"background-color":"var(--ast-global-color-5)","background-image":"","background-repeat":"repeat","background-position":"center center","background-size":"auto","background-attachment":"scroll","background-type":"","background-media":"","overlay-type":"","overlay-color":"","overlay-opacity":"","overlay-gradient":""},"tablet":{"background-color":"var(--ast-global-color-5)","background-image":"","background-repeat":"repeat","background-position":"center center","background-size":"auto","background-attachment":"scroll","background-type":"","background-media":"","overlay-type":"","overlay-color":"","overlay-opacity":"","overlay-gradient":""},"mobile":{"background-color":"var(--ast-global-color-5)","background-image":"","background-repeat":"repeat","background-position":"center center","background-size":"auto","background-attachment":"scroll","background-type":"","background-media":"","overlay-type":"","overlay-color":"","overlay-opacity":"","overlay-gradient":""}},"_themeisle_gutenberg_block_has_review":false,"footnotes":""},"class_list":["post-23361","page","type-page","status-publish","hentry"],"acf":[],"featured_image_urls_v2":{"full":"","thumbnail":"","medium":"","medium_large":"","large":"","1536x1536":"","2048x2048":"","menu-24x24":"","menu-36x36":"","menu-48x48":""},"post_excerpt_stackable_v2":"<p>Accessibility declarationBibliotekarstwo. CzytelnictwoBibliotherapyBiuletyn nabytk\u00f3wCalendarContactDepartmentsEventsFilie Biblioteki Pedagogicznej w Ostro\u0142\u0119ceGDPRGry edukacyjneHigiena cyfrowaHistoryImproving the quality of inclusive education in schools and educational institutions.Improving the quality of mathematics, science and IT education.InneKadra sprzed latKlauzula informacyjnaKoncepcja pracy BPKsi\u0105\u017ckiL\u0119k egzaminacyjny a dobrostan u maturzyst\u00f3wLibraLibrarianship. ReadersLog inMethodology of teaching individual subjectsNewsNewsletter regulationsOchrona danych osobowych w Bibliotece Pedagogicznej w Ostro\u0142\u0119ce Filii w WyszkowieOferta szkoleniowaOg\u0142oszeniaPedagogika. Szkolnictwo. O\u015bwiata. Wychowanie.Personal BibliographiesPotwierdzenie realizacjiPrivacy policyProcedura COVID 19PsychologyPurchase suggestionsRegionaliaRegionalizmRegisterRegulaminyRepertoire materialsSafety on the Internet. Responsible use of social media.School LibrarySerwis prasowySitemapSocial pathology. Aggressiveness. Addiction. ViolenceSprawd\u017aStrona g\u0142\u00f3wnaStrona kurs\u00f3wSzkolna bibliotekaSzkolnictwo i O\u015bwiataThey wrote about usUser profileMy ArticlesMy complaints and requestsMy consentsMy coursesMy errorsMy eventsMy exhibitionsMy InquiriesMy library&hellip;<\/p>\n","category_list_v2":"","author_info_v2":{"name":"","url":"https:\/\/bpprzasnysz.pl\/en\/author\/"},"comments_num_v2":"0 comments","_links":{"self":[{"href":"https:\/\/bpprzasnysz.pl\/en\/wp-json\/wp\/v2\/pages\/23361","targetHints":{"allow":["GET"]}}],"collection":[{"href":"https:\/\/bpprzasnysz.pl\/en\/wp-json\/wp\/v2\/pages"}],"about":[{"href":"https:\/\/bpprzasnysz.pl\/en\/wp-json\/wp\/v2\/types\/page"}],"author":[{"embeddable":true,"href":"https:\/\/bpprzasnysz.pl\/en\/wp-json\/wp\/v2\/users\/110"}],"replies":[{"embeddable":true,"href":"https:\/\/bpprzasnysz.pl\/en\/wp-json\/wp\/v2\/comments?post=23361"}],"version-history":[{"count":3,"href":"https:\/\/bpprzasnysz.pl\/en\/wp-json\/wp\/v2\/pages\/23361\/revisions"}],"predecessor-version":[{"id":27295,"href":"https:\/\/bpprzasnysz.pl\/en\/wp-json\/wp\/v2\/pages\/23361\/revisions\/27295"}],"wp:attachment":[{"href":"https:\/\/bpprzasnysz.pl\/en\/wp-json\/wp\/v2\/media?parent=23361"}],"curies":[{"name":"wp","href":"https:\/\/api.w.org\/{rel}","templated":true}]}}