{"id":27898,"date":"2024-05-16T12:38:17","date_gmt":"2024-05-16T10:38:17","guid":{"rendered":"https:\/\/bpprzasnysz.pl\/?page_id=27898"},"modified":"2024-05-16T12:38:18","modified_gmt":"2024-05-16T10:38:18","slug":"methodology-of-teaching-individual-subjects","status":"publish","type":"page","link":"https:\/\/bpprzasnysz.pl\/en\/methodology-of-teaching-individual-subjects\/","title":{"rendered":"Methodology of teaching individual subjects"},"content":{"rendered":"\n<figure class=\"wp-block-table\"><table><tbody><tr><td><a href=\"https:\/\/bpprzasnysz.pl\/ciekawa-matematyka-gry-edukacyjne-dla-sp-i-gimnazjum\/\">Ciekawa matematyka <\/a>\u2013 gry edukacyjne dla SP i gimnazjum:&nbsp;zestawienie bibliograficzne. Ostro\u0142\u0119ka: BP, 2015<\/td><\/tr><tr><td><a href=\"https:\/\/bpprzasnysz.pl\/edukacja-ekologiczna-zajecia-terenowe\/\">Edukacja ekologiczna <\/a>\u2013 zaj\u0119cia terenowe:&nbsp;zestawienie bibliograficzne. Ostro\u0142\u0119ka: BP, 2015<\/td><\/tr><tr><td><a href=\"https:\/\/bpprzasnysz.pl\/edukacja-przyrodnicza-w-ksztalceniu-ogolnym\">Edukacja przyrodnicza w kszta\u0142ceniu og\u00f3lnym<\/a>:&nbsp;zestawienie bibliograficzne. Ostro\u0142\u0119ka : BP, 2015<\/td><\/tr><tr><td><a href=\"https:\/\/bpprzasnysz.pl\/fizyka-materialy-pomocnicze-dla-nauczycieli\/\">Fizyka: materia\u0142y pomocnicze dla nauczycieli:<\/a>&nbsp;zestawienie bibliograficzne artyku\u0142\u00f3w z czasopism za lata 2006 \u2013 2012. Ostro\u0142\u0119ka: BP, 2012<\/td><\/tr><tr><td><a href=\"https:\/\/bpprzasnysz.pl\/geometria-w-szkole-podstawowej-i-gimnazjum\/\">Geometria w szkole podstawowej i gimnazjum<\/a>:&nbsp;zestawienie bibliograficzne. Ostro\u0142\u0119ka: BP, 2015<\/td><\/tr><tr><td><a href=\"https:\/\/bpprzasnysz.pl\/gimnastyka-korekcyjna-w-szkole\">Gimnastyka korekcyjna w szkole<\/a>:&nbsp;zestawienie bibliograficzne. Ostro\u0142\u0119ka: BP, 2013<\/td><\/tr><tr><td><a href=\"https:\/\/bpprzasnysz.pl\/gry-i-zabawy-terenowe-scenariusze-zajec\/\">Gry i zabawy terenowe<\/a> \u2013 scenariusze zaj\u0119\u0107:&nbsp;zestawienie bibliograficzne. Ostro\u0142\u0119ka: BP, 2013<\/td><\/tr><tr><td><a href=\"https:\/\/bpprzasnysz.pl\/informatyka-materialy-metodyczne\/\">Informatyka: materia\u0142y metodyczne:<\/a>&nbsp;zestawienie bibliograficzne. Ostro\u0142\u0119ka: BP, 2008<\/td><\/tr><tr><td><a href=\"https:\/\/bpprzasnysz.pl\/matematyka-dla-szkol-ponadgimnazjalnych\/\">Matematyka dla szk\u00f3\u0142 ponadgimnazjalnych<\/a>: propozycje metodyczne, \u0107wiczenia i zadania:&nbsp;zestawienie bibliograficzne artyku\u0142\u00f3w[\u2026] za lata 2012 \u2013 2014. Ostro\u0142\u0119ka: BP, 2014<\/td><\/tr><tr><td><a href=\"https:\/\/bpprzasnysz.pl\/metody-aktywizujace-w-nauczaniu-jezyka-polskiego\/\">Metody aktywizuj\u0105ce w nauczaniu j\u0119zyka polskiego<\/a>.&nbsp;zestawienie bibliograficzne za lata 2015-2021. Ostro\u0142\u0119ka: BP, 2021<\/td><\/tr><tr><td><a href=\"https:\/\/bpprzasnysz.pl\/metody-aktywizujace-w-nauczaniu-matematyki\/\">Metody aktywizuj\u0105ce w nauczaniu matematyki.<\/a>&nbsp;Ostro\u0142\u0119ka: BP, 2015<\/td><\/tr><tr><td><a href=\"https:\/\/bpprzasnysz.pl\/przyroda-i-biologia-matura-testy-i-sprawdziany-olimpiady\/\">Przyroda i biologia. Matura, testy i sprawdziany, olimpiady<\/a>:&nbsp;zestawienie bibliograficzne artyku\u0142\u00f3w z czasopism za lata 2000-2011. Ostro\u0142\u0119ka : BP, 2011<\/td><\/tr><tr><td><a href=\"https:\/\/bpprzasnysz.pl\/scenariusze-zajec-z-fizyki\/\">Scenariusze zaj\u0119\u0107 z fizyki:<\/a>&nbsp;zestawienie bibliograficzne artyku\u0142\u00f3w z czasopism za lata 2006 \u2013 2012. Ostro\u0142\u0119ka: BP, 2012<\/td><\/tr><tr><td><a href=\"https:\/\/bpprzasnysz.pl\/scenariusze-zajec-z-przyrody-i-biologii\/\">Scenariusze zaj\u0119\u0107 z przyrody i biologii<\/a>:&nbsp;zestawienie bibliograficzne artyku\u0142\u00f3w z czasopism za lata 2000-2011. Ostro\u0142\u0119ka : BP, 2011<\/td><\/tr><tr><td><a href=\"https:\/\/bpprzasnysz.pl\/wp-content\/uploads\/sites\/56\/2022\/01\/szkola_w_ruchu.pdf\" target=\"_blank\" rel=\"noreferrer noopener\">Wychowanie&nbsp; fizyczne \u2013 metodyka nauczania<\/a>:&nbsp;zestawienie bibliograficzne materia\u0142\u00f3w metodycznych dost\u0119pnych w BP w Ostro\u0142\u0119ce. Ostro\u0142\u0119ka: BP, 2014 (pdf)<\/td><\/tr><tr><td><a href=\"https:\/\/bpprzasnysz.pl\/wychowanie-fizyczne-w-szkole\/\">Wychowanie fizyczne \u2013 metodyka nauczania:<\/a>&nbsp;zestawienie bibliograficzne. Ostro\u0142\u0119ka: BP, 2020<\/td><\/tr><\/tbody><\/table><\/figure>\n","protected":false},"excerpt":{"rendered":"<p>Ciekawa matematyka \u2013 gry edukacyjne dla SP i gimnazjum:&nbsp;zestawienie bibliograficzne. Ostro\u0142\u0119ka: BP, 2015 Edukacja ekologiczna \u2013 zaj\u0119cia terenowe:&nbsp;zestawienie bibliograficzne. Ostro\u0142\u0119ka: [&hellip;]<\/p>\n","protected":false},"author":741,"featured_media":0,"parent":0,"menu_order":0,"comment_status":"closed","ping_status":"closed","template":"","meta":{"_acf_changed":false,"_oasis_is_in_workflow":0,"_oasis_original":0,"inline_featured_image":false,"site-sidebar-layout":"default","site-content-layout":"","ast-site-content-layout":"default","site-content-style":"default","site-sidebar-style":"default","ast-global-header-display":"","ast-banner-title-visibility":"","ast-main-header-display":"","ast-hfb-above-header-display":"","ast-hfb-below-header-display":"","ast-hfb-mobile-header-display":"","site-post-title":"","ast-breadcrumbs-content":"","ast-featured-img":"","footer-sml-layout":"","ast-disable-related-posts":"","theme-transparent-header-meta":"","adv-header-id-meta":"","stick-header-meta":"","header-above-stick-meta":"","header-main-stick-meta":"","header-below-stick-meta":"","astra-migrate-meta-layouts":"set","ast-page-background-enabled":"default","ast-page-background-meta":{"desktop":{"background-color":"","background-image":"","background-repeat":"repeat","background-position":"center center","background-size":"auto","background-attachment":"scroll","background-type":"","background-media":"","overlay-type":"","overlay-color":"","overlay-opacity":"","overlay-gradient":""},"tablet":{"background-color":"","background-image":"","background-repeat":"repeat","background-position":"center center","background-size":"auto","background-attachment":"scroll","background-type":"","background-media":"","overlay-type":"","overlay-color":"","overlay-opacity":"","overlay-gradient":""},"mobile":{"background-color":"","background-image":"","background-repeat":"repeat","background-position":"center center","background-size":"auto","background-attachment":"scroll","background-type":"","background-media":"","overlay-type":"","overlay-color":"","overlay-opacity":"","overlay-gradient":""}},"ast-content-background-meta":{"desktop":{"background-color":"var(--ast-global-color-5)","background-image":"","background-repeat":"repeat","background-position":"center center","background-size":"auto","background-attachment":"scroll","background-type":"","background-media":"","overlay-type":"","overlay-color":"","overlay-opacity":"","overlay-gradient":""},"tablet":{"background-color":"var(--ast-global-color-5)","background-image":"","background-repeat":"repeat","background-position":"center center","background-size":"auto","background-attachment":"scroll","background-type":"","background-media":"","overlay-type":"","overlay-color":"","overlay-opacity":"","overlay-gradient":""},"mobile":{"background-color":"var(--ast-global-color-5)","background-image":"","background-repeat":"repeat","background-position":"center center","background-size":"auto","background-attachment":"scroll","background-type":"","background-media":"","overlay-type":"","overlay-color":"","overlay-opacity":"","overlay-gradient":""}},"_themeisle_gutenberg_block_has_review":false,"footnotes":""},"class_list":["post-27898","page","type-page","status-publish","hentry"],"acf":[],"featured_image_urls_v2":{"full":"","thumbnail":"","medium":"","medium_large":"","large":"","1536x1536":"","2048x2048":"","menu-24x24":"","menu-36x36":"","menu-48x48":""},"post_excerpt_stackable_v2":"<p>Ciekawa matematyka \u2013 gry edukacyjne dla SP i gimnazjum:&nbsp;zestawienie bibliograficzne. Ostro\u0142\u0119ka: BP, 2015Edukacja ekologiczna \u2013 zaj\u0119cia terenowe:&nbsp;zestawienie bibliograficzne. Ostro\u0142\u0119ka: BP, 2015Edukacja przyrodnicza w kszta\u0142ceniu og\u00f3lnym:&nbsp;zestawienie bibliograficzne. Ostro\u0142\u0119ka : BP, 2015Fizyka: materia\u0142y pomocnicze dla nauczycieli:&nbsp;zestawienie bibliograficzne artyku\u0142\u00f3w z czasopism za lata 2006 \u2013 2012. Ostro\u0142\u0119ka: BP, 2012Geometria w szkole podstawowej i gimnazjum:&nbsp;zestawienie bibliograficzne. Ostro\u0142\u0119ka: BP, 2015Gimnastyka korekcyjna w szkole:&nbsp;zestawienie bibliograficzne. Ostro\u0142\u0119ka: BP, 2013Gry i zabawy terenowe \u2013 scenariusze zaj\u0119\u0107:&nbsp;zestawienie bibliograficzne. Ostro\u0142\u0119ka: BP, 2013Informatyka: materia\u0142y metodyczne:&nbsp;zestawienie bibliograficzne. Ostro\u0142\u0119ka: BP, 2008Matematyka dla szk\u00f3\u0142 ponadgimnazjalnych: propozycje metodyczne, \u0107wiczenia i zadania:&nbsp;zestawienie bibliograficzne artyku\u0142\u00f3w[\u2026] za lata 2012 \u2013 2014. Ostro\u0142\u0119ka: BP, 2014Metody aktywizuj\u0105ce w nauczaniu j\u0119zyka&hellip;<\/p>\n","category_list_v2":"","author_info_v2":{"name":"Aleksandra Cie\u015blicka","url":"https:\/\/bpprzasnysz.pl\/en\/author\/acieslicka\/"},"comments_num_v2":"0 comments","_links":{"self":[{"href":"https:\/\/bpprzasnysz.pl\/en\/wp-json\/wp\/v2\/pages\/27898","targetHints":{"allow":["GET"]}}],"collection":[{"href":"https:\/\/bpprzasnysz.pl\/en\/wp-json\/wp\/v2\/pages"}],"about":[{"href":"https:\/\/bpprzasnysz.pl\/en\/wp-json\/wp\/v2\/types\/page"}],"author":[{"embeddable":true,"href":"https:\/\/bpprzasnysz.pl\/en\/wp-json\/wp\/v2\/users\/741"}],"replies":[{"embeddable":true,"href":"https:\/\/bpprzasnysz.pl\/en\/wp-json\/wp\/v2\/comments?post=27898"}],"version-history":[{"count":2,"href":"https:\/\/bpprzasnysz.pl\/en\/wp-json\/wp\/v2\/pages\/27898\/revisions"}],"predecessor-version":[{"id":27904,"href":"https:\/\/bpprzasnysz.pl\/en\/wp-json\/wp\/v2\/pages\/27898\/revisions\/27904"}],"wp:attachment":[{"href":"https:\/\/bpprzasnysz.pl\/en\/wp-json\/wp\/v2\/media?parent=27898"}],"curies":[{"name":"wp","href":"https:\/\/api.w.org\/{rel}","templated":true}]}}