{"id":37978,"date":"2025-10-28T11:08:06","date_gmt":"2025-10-28T10:08:06","guid":{"rendered":"https:\/\/bpprzasnysz.pl\/?page_id=37978"},"modified":"2025-10-28T11:08:10","modified_gmt":"2025-10-28T10:08:10","slug":"wielka-wojna-na-polnocnym-mazowszu","status":"publish","type":"page","link":"https:\/\/bpprzasnysz.pl\/en\/wielka-wojna-na-polnocnym-mazowszu\/","title":{"rendered":"Wielka Wojna na P\u00f3\u0142nocnym Mazowszu"},"content":{"rendered":"\n<p><strong>Wielka Wojna na P\u00f3\u0142nocnym Mazowszu<\/strong> <strong>w zbiorach Biblioteki Pedagogicznej w Ostro\u0142\u0119ce<\/strong> <strong>Filia w Przasnyszu i w \u017ar\u00f3d\u0142ach internetowych \u2013 zestawienie bibliograficzne w wyborze<\/strong> <strong>(stan na 17.10.2025r.)<\/strong><\/p>\n\n\n\n<p><strong>Ksi\u0105\u017cki<\/strong><\/p>\n\n\n\n<p><strong>1000 lat pogranicza Chorzel <\/strong>: materia\u0142y z sesji popularnonaukowej zorganizowanej 28 sierpnia 2010 roku w Chorzelach przez Towarzystwo Przyjaci\u00f3\u0142 Chorzel \/ [red. tomu Micha\u0142 Wi\u015bnicki]. &#8211; Chorzele : Towarzystwo Przyjaci\u00f3\u0142 Chorzel 2011. Sygnatura W 36866<\/p>\n\n\n\n<p><strong>85 lat na szlaku wielkiej przygody : historia ZHP na Ziemi Przasnyskiej<\/strong> \/ [red. Tadeusz Si\u00f3\u0142kowski i in.]. &#8211; Przasnysz : Starostwo Powiatowe w Przasnyszu 2002. Sygnatura W 30247<\/p>\n\n\n\n<p><strong>Chorzele : zarys dziej\u00f3w<\/strong> \/ Rados\u0142aw Waleszczak. &#8211; Chorzele : Ostro\u0142\u0119ka : Wydzia\u0142 Infrastruktury Spo\u0142ecznej Urz\u0119du Wojew\u00f3dzkiego 1992. Sygnatura P 37240<\/p>\n\n\n\n<p><strong>Chorzele w obiektywie 1900-1939<\/strong> \/ [red. Micha\u0142 Wi\u015bnicki]. &#8211; Chorzele ; [Przasnysz] : Towarzystwo Przyjaci\u00f3\u0142 Ziemi Przasnyskiej 2006. Sygnatura P 35985<\/p>\n\n\n\n<p><strong>Dzia\u0142alno\u015b\u0107 Polskiej Organizacji Wojskowej w powiecie przasnyskim w latach 1916-1918<\/strong> \/ Aleksander Drw\u0119cki. &#8211; Przasnysz : Samorz\u0105dy Gmin 1994.&nbsp; Sygnatura W 26014<\/p>\n\n\n\n<p><strong>Dzieje Ochotniczych Stra\u017cy Po\u017carnych w powiecie przasnyskim 1881-2001 \/<\/strong> Aleksander Drw\u0119cki. &#8211; Przasnysz : Komitet Honorowy Obchod\u00f3w 120 rocznicy ZOSP RP 2002. Sygnatura W 28184<\/p>\n\n\n\n<p><strong>Dziennik 1914-1918<\/strong> \/ Jan D\u0105browski. &#8211; Krak\u00f3w : Wydawnictwo Literackie 1977. Sygnatura W 16848<\/p>\n\n\n\n<p><strong>Historia samorz\u0105du i administracji w gminie Przasnysz<\/strong> \/ autorzy Leszek Zugaj, Gra\u017cyna Wr\u00f3blewska. &#8211; Bogate : Gminna Biblioteka Publiczna im. J\u00f3zefa Narzymskiego w Bogatem 2019. Sygnatura W 46252<\/p>\n\n\n\n<p><strong>Historia Zgromadzenia Si\u00f3str Mi\u0142osierdzia \u015bw. Wincentego a Paulo w Przasnyszu (1907-2007)<\/strong> \/ Piotr Kaszubowski. &#8211; Przasnysz : Zgromadzenie Si\u00f3str Mi\u0142osierdzia \u015bw. Wincentego a Paulo Prowincji warszawskiej 2007. SygnaturaW 32659<\/p>\n\n\n\n<p><strong>Jednoro\u017cec : historia wsi<\/strong> \/ Teresa Wojciechowska. &#8211; Jednoro\u017cec : Stowarzyszenie &#8220;Przyjaciele Ziemi Jednoro\u017ceckiej&#8221; 2015. Sygnatura P 40399<\/p>\n\n\n\n<p><strong>Jubileusz 150 lat w s\u0142u\u017cbie Bogu i ludziom : klaryski kapucynki w Przasnyszu 1871-2021<\/strong> \/ redakcja Donata Koska OSC Cap. &#8211; Pelplin : Wydawnictwo &#8220;Bernardinum&#8221; 2021. Sygnatura W 44286<\/p>\n\n\n\n<p><strong>Katalog miejsc pami\u0119ci narodowej ziemi przasnyskiej<\/strong> \/ Piotr Kaszubowski, Mariusz Maciaszczyk, Mariusz Mocek. &#8211; Przasnysz : Towarzystwo Przyjaci\u00f3\u0142 Ziemi Przasnyskiej 2014.&nbsp; Sygnatura W 42540<\/p>\n\n\n\n<p><strong>Katalog miejsc pami\u0119ci narodowej ziemi przasnyskiej<\/strong> \/ Piotr Kaszubowski, Mariusz Maciaszczyk, Mariusz Mocek. &#8211; Przasnysz : Towarzystwo Przyjaci\u00f3\u0142 Ziemi Przasnyskiej 2014. SygnaturaW 42540<\/p>\n\n\n\n<p><strong>Mazowsze w walce<\/strong> \/ red. Jan Czu\u0142a &#8211; Warszawa : Wydaw. Min. Obrony Narodowej [1964]. SygnaturaW 8122<\/p>\n\n\n\n<p><strong>My idziemy w z\u00f3rz \u015bwitanie<\/strong>&#8230; : sylwetki oficer\u00f3w Legion\u00f3w Polskich poleg\u0142ych i zmar\u0142ych w walce o niepodleg\u0142o\u015b\u0107 w latach 1914-1916 \/ Marek Ga\u0142\u0119zowski. &#8211; Warszawa : Instytut Pami\u0119ci Narodowej. Komisja \u015acigania Zbrodni Przeciwko Narodowi Polskiemu : Wojskowe Biuro Historyczne im. gen. broni Kazimierza Sosnkowskiego 2019. Sygnatura&nbsp; W 44066<\/p>\n\n\n\n<p><strong>Na pograniczu<\/strong> \/ Lucjan Jankowski. &#8211; Chorzele : Lucjan Jankowski 2014.&nbsp; Sygnatura W 42525<\/p>\n\n\n\n<p><strong>Odbudowa pa\u0144stwa polskiego : 1914-1918 <\/strong>\/ Janusz Pajewski. &#8211; Warszawa : Pa\u0144st. Wydaw. Naukowe 1980. Sygnatura W<\/p>\n\n\n\n<p><strong>Opowiadania, anegdoty, przys\u0142owia i powiedzenia z okolic Przasnysza<\/strong> \/ [autorzy tekst\u00f3w Gra\u017cyna Wr\u00f3blewska et al.]. &#8211; Przasnysz : Stowarzyszenie na Rzecz Rozwoju Gminy Przasnysz 2018. Sygnatura W 43078<\/p>\n\n\n\n<p><strong>Pierwsza wojna \u015bwiatowa<\/strong> \/ Martin Gilbert. &#8211; Pozna\u0144 : Zysk i S-ka. 2003. Sygnatura W 29906<\/p>\n\n\n\n<p><strong>Pierwsza wojna \u015bwiatowa 1914-1918 <\/strong>\/ Janusz Pajewski. &#8211; Warszawa : Wydawnictwo Naukowe PWN 1998. Sygnatura W 26929<\/p>\n\n\n\n<p><strong>Polska &#8211; Rosja : historia obsesji, obsesja historii<\/strong> \/ Andrzej Chwalba ; [wywiad przeprowadzi\u0142] Wojciech Harpula. &#8211; Krak\u00f3w : Wydawnictwo Literackie 2022. Sygnatura W 45538<\/p>\n\n\n\n<p><strong>Polski czyn zbrojny podczas pierwszej wojny \u015bwiatowej : 1914-1918<\/strong> \/ Mieczys\u0142aw Wrzosek. &#8211; Warszawa :&#8221;Wiedza Powszechna&#8221;, (\u0141\u00f3d\u017a : \u0141DD) 1990 Sygnatura W 24974<\/p>\n\n\n\n<p><strong>Przasnyskie portrety. Cz. 1<\/strong> \/ Alfred Borkowski. &#8211; Przasnysz : Towarzystwo Przyjaci\u00f3\u0142 Ziemi Przasnyskiej ; Ciechan\u00f3w : Zwi\u0105zek Literat\u00f3w Polskich. Oddzia\u0142 2004. Sygnatura W 30276<\/p>\n\n\n\n<p><strong>Przasnyskie portrety. Cz. 2<\/strong> \/ Alfred Borkowski i Piotr Kaszubowski. &#8211; Przasnysz : Towarzystwo Przyjaci\u00f3\u0142 Ziemi Przasnyskiej ; Ciechan\u00f3w : Zwi\u0105zek Literat\u00f3w Polskich. Oddzia\u0142 2008. Sygnatura W 33885<\/p>\n\n\n\n<p><strong>Przasnyskie portrety. Cz. 3<\/strong> \/ Alfred Borkowski, Piotr Kaszubowski. &#8211; Ciechan\u00f3w : Zwi\u0105zek Literat\u00f3w Polskich. Oddzia\u0142 ; Przasnysz : Towarzystwo Przyjaci\u00f3\u0142 Ziemi Przasnyskiej 2009. Sygnatura W 35996<\/p>\n\n\n\n<p><strong>Przasnyskie portrety. Cz. 4<\/strong> \/ Alfred Borkowski, Piotr Kaszubowski. &#8211; Przasnysz : Towarzystwo Przyjaci\u00f3\u0142 Ziemi Przasnyskiej ; Ciechan\u00f3w : Zwi\u0105zek Literat\u00f3w na Mazowszu 2011. Sygnatura P 36904<\/p>\n\n\n\n<p><strong>Przasnyskie w starej fotografii<\/strong> \/ oprac. Gra\u017cyna Wr\u00f3blewska wraz z zespo\u0142em. &#8211; Bogate : Gminna Biblioteka Publiczna w Przasnyszu z siedzib\u0105 w Bogatem [2008]. Sygnatura W 35982<\/p>\n\n\n\n<p><strong>Przasnysz 1915 : wojna okopowa na froncie wschodnim<\/strong> : katalog wystawy \/ [red. Jaros\u0142aw Chorz\u0119pa, Katarzyna Chorz\u0119pa]. &#8211; Przasnysz : Wydawnictwo &#8220;Forteca&#8221; 2008. <strong>Sygnatura <\/strong>W 1054 br<\/p>\n\n\n\n<p><strong>Przasnysz i powiat przasnyski w latach 1866-1939 : zarys dziej\u00f3w<\/strong> \/ Rados\u0142aw Waleszczak. &#8211; Przasnysz : Rada Miejska 1999. Sygnatura&nbsp; W 26720<\/p>\n\n\n\n<p><strong>Przasnysz luty 1915 : &#8220;najciekawsza bitwa I wojny \u015bwiatowej&#8221;<\/strong> \/ Jaros\u0142aw Chorz\u0119pa. &#8211; Przasnysz : Forteca 2008. Sygnatura W 33880<\/p>\n\n\n\n<p><strong>Przasnysz w czterdziestolecie wyzwolenia : 1945-1985<\/strong> \/ Towarzystwo Przyjaci\u00f3\u0142 Ziemi Przasnyskiej. &#8211; Warszawa ; Przasnysz : Towarzystwo Przyjaci\u00f3\u0142 Ziemi Przasnyskiej 1987. SygnaturaW 23397, tam\u017ce: \u201eOdzyskanie niepodleg\u0142o\u015bci w 1918r w Przasnyszu i Chorzelach\u201d, A. Drw\u0119cki,&nbsp; s. 12-17<\/p>\n\n\n\n<p><strong>Rz\u0105d pruski wobec sprawy polskiej w latach 1914-1918 <\/strong>\/ Jerzy Knebel. &#8211; Pozna\u0144 : Wydawnictwo Pozna\u0144skie 1963. Sygnatura W 7440<\/p>\n\n\n\n<p><strong>Tradycje niepodleg\u0142o\u015bciowe na P\u00f3\u0142nocnym Mazowszu w XIX i XX w.<\/strong> : materia\u0142y z sesji naukowej Tradycje niepodleg\u0142o\u015bciowe na P\u00f3\u0142nocnym Mazowszu w XIX i XX w., Przasnysz, Towarzystwo Przyjaci\u00f3\u0142 Ziemi Przasnyskiej : &#8220;Forteca&#8221; 2003. Sygnatura W 30201<\/p>\n\n\n\n<p><strong>Trzy regiony &#8211; jeden los<\/strong> : Przasnysz &#8211; K\u00f6tschach-Mauthen &#8211; Monfalcone, Polska &#8211; Austria &#8211; W\u0142ochy1914-1918 = Drei Orte &#8211; ein Schicksal : Przasnysz &#8211; K\u00f6tschach-Mauthen &#8211; Monfalcone, Polen &#8211; \u00d6sterreich -Italien 1914-1918 \/ [ oprac. tekstu Walther Schaumann et al. ; red. Jaros\u0142aw Chorz\u0119pa, Katarzyna Chorz\u0119pa. &#8211; Przasnysz : &#8220;Forteca&#8221; 2004. Sygnatura W 30235<\/p>\n\n\n\n<p><strong>W s\u0142u\u017cbie najja\u015bniejszego pana<\/strong> \/ Roman Turek. &#8211; Warszawa : Ludowa Sp\u00f3\u0142dzielnia Wydawnicza 1962. Sygnatura W 6343<\/p>\n\n\n\n<p><strong>Wielka wojna na ziemi przasnyskiej w zbiorach Miros\u0142awa Krejpowicza<\/strong> \/ Miros\u0142aw Krejpowicz. \u2013 Przasnysz : Forteca 2011. Sygnatura P 36917<\/p>\n\n\n\n<p><strong>Wielka wojna Polak\u00f3w 1914-1918<\/strong> \/ Andrzej Chwalba. &#8211; Warszawa : Wydawnictwo Naukowe PWN 2018. Sygnatura W 42234<\/p>\n\n\n\n<p><strong>Wie\u015b Mazowsza P\u00f3\u0142nocnego w Wielkiej Wojnie 1914-1918<\/strong> \/ oprac. i red. Mariusz \u0141yszkowski. \u2013 Czernice Borowe : Gmina Czernice Borowe [2012]. Sygnatura W 37015<\/p>\n\n\n\n<p><strong>Wojna i ludzie : wspomnienia a lat 1914-1915<\/strong> : fragmenty \/ Jan D\u0105bski; Zak\u0142ad Historii Ruchu Ludowego przy NK ZSL &#8211; Warszawa : Ludowa Sp\u00f3\u0142dzielnia Wydawnicza 1969. Sygnatura W 12159<\/p>\n\n\n\n<p><strong>Wspomnienia mazowieckiego ziemianina z lat 1897-1951<\/strong> \/ Eugeniusz K\u0142oczowski. &#8211; Ciechan\u00f3w : Art &amp; Archeology 2006. Sygnatura W 31538<\/p>\n\n\n\n<p><strong>Z my\u015bl\u0105 o Niepodleg\u0142ej&#8230; : listy Polaka, \u017co\u0142nierza armii niemieckiej, z okop\u00f3w I wojny \u015bwiatowej (1914-1918)<\/strong> \/ J\u00f3zef Iwicki. &#8211; Wroc\u0142aw : Zak\u0142ad Narodowy im. Ossoli\u0144skich 1978. Sygnatura W 17329<\/p>\n\n\n\n<p><strong>Zapiski Ziemi Jednoro\u017ceckiej<\/strong> \/ [red. Monika Dworniczak et al.]. &#8211; Jednoro\u017cec : Stowarzyszenie &#8220;Przyjaciele Ziemi Jednoro\u017ceckiej&#8221; 2011. Sygnatura P 36892<\/p>\n\n\n\n<p><strong>Zarys dziej\u00f3w o\u015bwiaty w powiecie przasnyskim<\/strong> \/ Aleksander Drw\u0119cki. &#8211; Przasnysz : Ostro\u0142\u0119ckie Towarzystwo Naukowe im. Adama Ch\u0119tnika 1997 Sygnatura W 28236<\/p>\n\n\n\n<p><strong>Zwierciad\u0142o pami\u0119ci : opowiadania z okolic Przasnysza<\/strong> \/ Mieczys\u0142aw Stusi\u0144ski. &#8211; [Bogate] : Stowarzyszenie OSP [2010?]. Sygnatura W 36893<\/p>\n\n\n\n<p><strong>\u0179r\u00f3d\u0142a do dziej\u00f3w Ziemi Jednoro\u017ceckiej. T.1<\/strong> \/ wyb\u00f3r tekst\u00f3w \u017ar\u00f3d\u0142owych Wojciech \u0141ukaszewski. &#8211; Jednoro\u017cec : Stowarzyszenie &#8220;Przyjaciele Ziemi Jednoro\u017ceckiej&#8221; 2009. Sygnatura W 36847<\/p>\n\n\n\n<p><strong>\u0179r\u00f3d\u0142a do dziej\u00f3w Ziemi Jednoro\u017ceckiej. T.2<\/strong> \/ wyb\u00f3r tekst\u00f3w \u017ar\u00f3d\u0142owych Wojciech \u0141ukaszewski, Zbigniew Lorenc, Teresa Wojciechowska. &#8211; Jednoro\u017cec : Stowarzyszenie &#8220;Przyjaciele Ziemi Jednoro\u017ceckiej&#8221; 2012. Sygnatura W 37234<\/p>\n\n\n\n<p><strong>\u017bycie codzienne i tradycje patriotyczne Bogatego i okolic w XIX i XX wieku<\/strong> \/ opracowanie merytoryczne Gra\u017cyna Wr\u00f3blewska. &#8211; Przasnysz : Gmina Przasnysz [2018]. Sygnatura W 46261<\/p>\n\n\n\n<p><strong>\u017bycie ukryte przed \u015bwiatem : dzieje klarysek kapucynek z Przasnysza &#8211; 150 lat istnienia zakonu <\/strong>\/ Donata Koska. &#8211; Pelplin : Wydawnictwo Bernardinum 2019. Sygnatura P 43086<\/p>\n\n\n\n<p><strong>Artyku\u0142y z czasopism<\/strong><\/p>\n\n\n\n<p><strong>\u201eDuchowie\u0144stwo powiatu przasnyskiego u progu niepodleg\u0142o\u015bci\u201d,<\/strong> Piotr Kaszubowski w: Rocznik Przasnyski. Tom VII \/ [rada redakcyjna Piotr Kaszubowski, Maria Weronika Kmoch, Waldemar Krzy\u017cewski, Wojciech \u0141ukaszewski, Bogus\u0142aw Kruszewski]. &#8211; Przasnysz : Towarzystwo Przyjaci\u00f3\u0142 Ziemi Przasnyskiej 2020.<strong>Sygnatura <\/strong>W 44036<\/p>\n\n\n\n<p><strong>\u201eDzia\u0142ania zbrojne na Ziemi Przasnyskiej 1914-1915\u201d<\/strong>, Zbgniew Lorenc w: Rocznik Przasnyski. T. 2 \/ [rada red. Piotr Kaszubowski et al.]. &#8211; Przasnysz : Towarzystwo Przyjaci\u00f3\u0142 Ziemi Przasnyskiej 2015. W 40513<\/p>\n\n\n\n<p>\u201e<strong>Nowa bro\u0144 Wielkiej Wojny. Epizody z historii I wojny \u015bwiatowej na Mazowszu P\u00f3\u0142nocnym\u201d<\/strong>, Jacek Furma\u0144czyk; s. ; w: Rocznik Przasnyski. T. 2 \/ [rada red. Piotr Kaszubowski et al.]. &#8211; Przasnysz : Towarzystwo Przyjaci\u00f3\u0142 Ziemi Przasnyskiej 2015. W 40513<\/p>\n\n\n\n<p><strong>\u201eSpo\u0142ecze\u0144stwo Ziemi Przasnyskiej w okresie I wojny \u015bwiatowej\u201d,<\/strong> Zbigniew Lorenc w: Rocznik Przasnyski. T. 1 \/ [rada redakcyjna Piotr Kaszubowski et al.]. &#8211; Przasnysz : Towarzystwo Przyjaci\u00f3\u0142 Ziemi Przasnyskiej 2014. <strong>Sygnatura <\/strong>W 42533<\/p>\n\n\n\n<p><strong>\u201eUtracony sztandar. Ostatnia walka batalionu szczeci\u0144skich fizylier\u00f3w \u2013 J\u00f3zefowo luty 1915\u201d <\/strong>Jacek Furma\u0144czyk w: Rocznik Przasnyski. T. 4 \/ [rada red. Piotr Kaszubowski et al.]. &#8211; Przasnysz : Towarzystwo Przyjaci\u00f3\u0142 Ziemi<\/p>\n\n\n\n<p><strong>\u201eZiemia m\u0142awska w czasie I wojny \u015bwiatowej\u201d<\/strong>, Leszek Andrzej Arent w: Rocznik Przasnyski. Tom VII \/ [rada redakcyjna Piotr Kaszubowski, Maria Weronika Kmoch, Waldemar Krzy\u017cewski, Wojciech \u0141ukaszewski, Bogus\u0142aw Kruszewski]. &#8211; Przasnysz : Towarzystwo Przyjaci\u00f3\u0142 Ziemi Przasnyskiej 2020.<strong>Sygnatura <\/strong>W 44036<\/p>\n\n\n\n<p><strong>B\u0142otne piek\u0142o wielkiej wojny<\/strong> \/ Piotr Szlanta. \/\/ M\u00f3wi\u0105 Wieki. &#8211; 2007, nr 11, s. 57-62<\/p>\n\n\n\n<p><strong>J\u00f3zef Dowbor-Mu\u015bnicki i jego pu\u0142k pod Przasnyszem w 1915 r.\u201d<\/strong>, Jacek Furma\u0144czyk w: Rocznik Przasnyski. Tom IX \/ [rada redakcyjna Piotr Kaszubowski, Maria Weronika Kmoch, Waldemar Krzy\u017cewski, Wojciech \u0141ukaszewski, Hubert D\u0119by, Bogus\u0142aw Kruszewski]. &#8211; Przasnysz : Towarzystwo Przyjaci\u00f3\u0142 Ziemi Przasnyskiej &nbsp;2022. <strong>Sygnatura <\/strong>W 46215<\/p>\n\n\n\n<p><strong>M\u0142odzie\u0144cze prze\u017cywanie wielkiej wojny : dwa pami\u0119tniki &#8211; dwie postawy<\/strong> \/ Maria Radziszewska. \/\/ Wiadomo\u015bci Historyczne. &#8211; 2014, nr 5, s. 35-39<\/p>\n\n\n\n<p><strong>Okupacyjny niedostatek : aprowizacja na ziemiach polskich podczas obu wojen \u015bwiatowych<\/strong> \/ Stephan Lehnstaedt \/\/ M\u00f3wi\u0105 Wieki. &#8211; 2012, nr 11, s. 33-36<\/p>\n\n\n\n<p><strong>Pogranicze kurpiowsko-mazurskie w okresie I wojny \u015bwiatowej<\/strong> \/ Zbigniew Kudrzycki. \/\/ Zeszyty Naukowe. &#8211; 2006, z. 20, s. 51-61<\/p>\n\n\n\n<p>Przasnyskiej : Muzeum Historyczne 2017. <strong>Sygnatura <\/strong>W 41679<\/p>\n\n\n\n<p><strong>Wielka wojna polsko-polska : Polacy w szeregach armii zaborczych podczas pierwszej wojny \u015bwiatowej<\/strong> \/ Piotr Szlanta. \/\/ M\u00f3wi\u0105 Wieki. &#8211; 2009, nr 11, s.40-44<\/p>\n\n\n\n<p><strong>Wojna w okopach<\/strong> \/ \u0141ukasz Wrona. \/\/ M\u00f3wi\u0105 Wieki. &#8211; 2014, nr 6, dod. &#8220;M\u00f3wi\u0105 wieki&#8221; w szkole nr 16, s.11-12<\/p>\n\n\n\n<p><strong>Netografia<\/strong><\/p>\n\n\n\n<p><strong>Mazowiecka Biblioteka Cyfrowa<\/strong> <\/p>\n\n\n\n<p><a href=\"https:\/\/mbc.cyfrowemazowsze.pl\/dlibra\" target=\"_blank\" rel=\"noopener\">https:\/\/mbc.cyfrowemazowsze.pl\/dlibra<\/a>&nbsp;&nbsp; relacje wojenne ks. J\u00f3zefa Piekuta w&nbsp; \u201eKurjer P\u0142ocki\u201d<\/p>\n\n\n\n<p><strong>Krasnosielcki Zeszyt Historyczny<\/strong><\/p>\n\n\n\n<p><a href=\"http:\/\/tpzk.online\/category\/kzh\/\" target=\"_blank\" rel=\"noopener\">http:\/\/tpzk.online\/category\/kzh\/<\/a><\/p>\n\n\n\n<p>\u201eSmutna Dola Wiosky Jednoro\u017cec\u201d, Stefan Wilga, Krasnosielcki Zeszyt Historyczny nr 27, s. 4-44<\/p>\n\n\n\n<p>\u201eDzieci\u0144stwo i m\u0142odo\u015b\u0107\u201d W\u0142adys\u0142aw Kocot, Krasnosielcki Zeszyt Historyczny nr 24-26, s. 2-13<\/p>\n\n\n\n<p>\u201eBitwa Przasnyska w opowiadaniach Michai\u0142a S\u0142onimskiego\u201d, Maria Weronika Kmoch, Krasnosielcki Zeszyt Historyczny nr 38-41 s. 88-93<\/p>\n\n\n\n<p>\u201eBie\u017ce\u0144stwo z powiatu makowskiego\u201d, Maria Weronika Kmoch, Krasnosielcki Zeszyt Historyczny nr 38-41 s.108-118<\/p>\n\n\n\n<p>\u201eWspomnienia J\u00f3zefa Bandurskiego\u201d, Tadeusz Suski, Krasnosielcki Zeszyt Historyczny nr 38-41, s. 71-79<\/p>\n\n\n\n<p><strong>Zeszyty Naukowe Ostro\u0142\u0119ckiego Towarzystwa Naukowego<\/strong><\/p>\n\n\n\n<p><a href=\"http:\/\/www.otn.ostroleka.pl\/ct-menu-item-14\" target=\"_blank\" rel=\"noopener\">http:\/\/www.otn.ostroleka.pl\/ct-menu-item-14<\/a><\/p>\n\n\n\n<p>2017 nr 31 s. 263-273<\/p>\n\n\n\n<p>\u201eZaanga\u017cowanie spo\u0142ecze\u0144stwa Mazowsza P\u00f3\u0142nocno-Wschodniego w walk\u0119 o niepodleg\u0142o\u015b\u0107 (1794-1918); Janusz Szczepa\u0144ski. Zeszyty Naukowe 2018 nr 32 str. 15-36<\/p>\n\n\n\n<p>Bitwa przasnyska<\/p>\n\n\n\n<p><a href=\"https:\/\/pl.wikipedia.org\/wiki\/Bitwa_przasnyska\" target=\"_blank\" rel=\"noopener\">https:\/\/pl.wikipedia.org\/wiki\/Bitwa_przasnyska<\/a><\/p>\n\n\n\n<p><a href=\"https:\/\/pl.wikipedia.org\/wiki\/II_bitwa_przasnyska\" target=\"_blank\" rel=\"noopener\">https:\/\/pl.wikipedia.org\/wiki\/II_bitwa_przasnyska<\/a><\/p>\n\n\n\n<p>Bitwa przasnyska 1915 \u2013 \u201eMarna frontu wschodniego\u201d<\/p>\n\n\n\n<p><a href=\"https:\/\/dzieje.pl\/artykulyhistoryczne\/bitwa-przasnyska-1915-marna-frontu-wschodniego\" target=\"_blank\" rel=\"noopener\">https:\/\/dzieje.pl\/artykulyhistoryczne\/bitwa-przasnyska-1915-marna-frontu-wschodniego<\/a><\/p>\n\n\n\n<p>Przasnysz i okolice w czasie I wojny \u015bwiatowej<\/p>\n\n\n\n<p><a href=\"https:\/\/www.infoprzasnysz.com\/pooja-dla-infoprzasnysz-przasnysz-i-okolice-w-czasie-i-wojny-swiatowej-cz-1\" target=\"_blank\" rel=\"noopener\">https:\/\/www.infoprzasnysz.com\/pooja-dla-infoprzasnysz-przasnysz-i-okolice-w-czasie-i-wojny-swiatowej-cz-1<\/a><\/p>\n\n\n\n<p><a href=\"https:\/\/www.infoprzasnysz.com\/pooja-dla-infoprzasnysz-przasnysz-i-okolice-w-czasie-i-wojny-swiatowej-cz-2\" target=\"_blank\" rel=\"noopener\">https:\/\/www.infoprzasnysz.com\/pooja-dla-infoprzasnysz-przasnysz-i-okolice-w-czasie-i-wojny-swiatowej-cz-2<\/a><\/p>\n\n\n\n<p><a href=\"https:\/\/www.infoprzasnysz.com\/pooja-dla-infoprzasnysz-przasnysz-i-okolice-w-czasie-i-wojny-swiatowej-cz-3\" target=\"_blank\" rel=\"noopener\">https:\/\/www.infoprzasnysz.com\/pooja-dla-infoprzasnysz-przasnysz-i-okolice-w-czasie-i-wojny-swiatowej-cz-3<\/a><\/p>\n\n\n\n<p>Historia Przasnysza do 1918 roku<\/p>\n\n\n\n<p><a href=\"https:\/\/www.infoprzasnysz.com\/pooja-dla-infoprzasnysz-historia-przasnysza-do-1918-roku-cz-1\" target=\"_blank\" rel=\"noopener\">https:\/\/www.infoprzasnysz.com\/pooja-dla-infoprzasnysz-historia-przasnysza-do-1918-roku-cz-1<\/a><\/p>\n\n\n\n<p><a href=\"https:\/\/www.infoprzasnysz.com\/pooja-dla-infoprzasnysz-historia-przasnysza-do-1918-roku-cz-2\" target=\"_blank\" rel=\"noopener\">https:\/\/www.infoprzasnysz.com\/pooja-dla-infoprzasnysz-historia-przasnysza-do-1918-roku-cz-2<\/a><\/p>\n\n\n\n<p><a href=\"https:\/\/www.infoprzasnysz.com\/pooja-dla-infoprzasnysz-historia-przasnysza-do-1918-roku-cz-3\" target=\"_blank\" rel=\"noopener\">https:\/\/www.infoprzasnysz.com\/pooja-dla-infoprzasnysz-historia-przasnysza-do-1918-roku-cz-3<\/a><\/p>\n\n\n\n<p>Ks. J\u00f3zef Piekut<\/p>\n\n\n\n<p><a href=\"https:\/\/www.facebook.com\/muzeumprzasnysz\/videos\/bohaterem-kolejnego-odcinka-patroni-przasnyskich-ulic-jest-ks-j%C3%B3zef-piekut-wielo\/608530387050649\" target=\"_blank\" rel=\"noopener\">https:\/\/www.facebook.com\/muzeumprzasnysz\/videos\/bohaterem-kolejnego-odcinka-patroni-przasnyskich-ulic-jest-ks-j%C3%B3zef-piekut-wielo\/608530387050649<\/a><\/p>\n\n\n\n<p>Cmentarze wojenne gminy przasnysz i Przasnysza<\/p>\n\n\n\n<p><a href=\"https:\/\/www.warszawa.ap.gov.pl\/cmentarze_wojenne\/cmentarze_wystawa_2.html\" target=\"_blank\" rel=\"noopener\">https:\/\/www.warszawa.ap.gov.pl\/cmentarze_wojenne\/cmentarze_wystawa_2.html<\/a><\/p>\n\n\n\n<p>Historia Jednoro\u017cca&nbsp; (I wojna \u015bwiatowa)<\/p>\n\n\n\n<p><a href=\"http:\/\/www.kurpiankawwielkimswiecie.pl\/2014\/07\/maa-ojczyzna-historia-jednorozca-cz-3.html\" target=\"_blank\" rel=\"noopener\">http:\/\/www.kurpiankawwielkimswiecie.pl\/2014\/07\/maa-ojczyzna-historia-jednorozca-cz-3.html<\/a><\/p>\n\n\n\n<p><\/p>\n","protected":false},"excerpt":{"rendered":"<p>Wielka Wojna na P\u00f3\u0142nocnym Mazowszu w zbiorach Biblioteki Pedagogicznej w Ostro\u0142\u0119ce Filia w Przasnyszu i w \u017ar\u00f3d\u0142ach internetowych \u2013 zestawienie [&hellip;]<\/p>\n","protected":false},"author":1285,"featured_media":0,"parent":0,"menu_order":0,"comment_status":"closed","ping_status":"closed","template":"","meta":{"_acf_changed":false,"_oasis_is_in_workflow":0,"_oasis_original":0,"inline_featured_image":false,"site-sidebar-layout":"default","site-content-layout":"","ast-site-content-layout":"default","site-content-style":"default","site-sidebar-style":"default","ast-global-header-display":"","ast-banner-title-visibility":"","ast-main-header-display":"","ast-hfb-above-header-display":"","ast-hfb-below-header-display":"","ast-hfb-mobile-header-display":"","site-post-title":"","ast-breadcrumbs-content":"","ast-featured-img":"","footer-sml-layout":"","ast-disable-related-posts":"","theme-transparent-header-meta":"","adv-header-id-meta":"","stick-header-meta":"","header-above-stick-meta":"","header-main-stick-meta":"","header-below-stick-meta":"","astra-migrate-meta-layouts":"set","ast-page-background-enabled":"default","ast-page-background-meta":{"desktop":{"background-color":"","background-image":"","background-repeat":"repeat","background-position":"center center","background-size":"auto","background-attachment":"scroll","background-type":"","background-media":"","overlay-type":"","overlay-color":"","overlay-opacity":"","overlay-gradient":""},"tablet":{"background-color":"","background-image":"","background-repeat":"repeat","background-position":"center center","background-size":"auto","background-attachment":"scroll","background-type":"","background-media":"","overlay-type":"","overlay-color":"","overlay-opacity":"","overlay-gradient":""},"mobile":{"background-color":"","background-image":"","background-repeat":"repeat","background-position":"center center","background-size":"auto","background-attachment":"scroll","background-type":"","background-media":"","overlay-type":"","overlay-color":"","overlay-opacity":"","overlay-gradient":""}},"ast-content-background-meta":{"desktop":{"background-color":"var(--ast-global-color-5)","background-image":"","background-repeat":"repeat","background-position":"center center","background-size":"auto","background-attachment":"scroll","background-type":"","background-media":"","overlay-type":"","overlay-color":"","overlay-opacity":"","overlay-gradient":""},"tablet":{"background-color":"var(--ast-global-color-5)","background-image":"","background-repeat":"repeat","background-position":"center center","background-size":"auto","background-attachment":"scroll","background-type":"","background-media":"","overlay-type":"","overlay-color":"","overlay-opacity":"","overlay-gradient":""},"mobile":{"background-color":"var(--ast-global-color-5)","background-image":"","background-repeat":"repeat","background-position":"center center","background-size":"auto","background-attachment":"scroll","background-type":"","background-media":"","overlay-type":"","overlay-color":"","overlay-opacity":"","overlay-gradient":""}},"_themeisle_gutenberg_block_has_review":false,"footnotes":""},"class_list":["post-37978","page","type-page","status-publish","hentry"],"acf":[],"featured_image_urls_v2":{"full":"","thumbnail":"","medium":"","medium_large":"","large":"","1536x1536":"","2048x2048":"","menu-24x24":"","menu-36x36":"","menu-48x48":""},"post_excerpt_stackable_v2":"<p>Wielka Wojna na P\u00f3\u0142nocnym Mazowszu w zbiorach Biblioteki Pedagogicznej w Ostro\u0142\u0119ce Filia w Przasnyszu i w \u017ar\u00f3d\u0142ach internetowych \u2013 zestawienie bibliograficzne w wyborze (stan na 17.10.2025r.) Ksi\u0105\u017cki 1000 lat pogranicza Chorzel : materia\u0142y z sesji popularnonaukowej zorganizowanej 28 sierpnia 2010 roku w Chorzelach przez Towarzystwo Przyjaci\u00f3\u0142 Chorzel \/ [red. tomu Micha\u0142 Wi\u015bnicki]. &#8211; Chorzele : Towarzystwo Przyjaci\u00f3\u0142 Chorzel 2011. Sygnatura W 36866 85 lat na szlaku wielkiej przygody : historia ZHP na Ziemi Przasnyskiej \/ [red. Tadeusz Si\u00f3\u0142kowski i in.]. &#8211; Przasnysz : Starostwo Powiatowe w Przasnyszu 2002. Sygnatura W 30247 Chorzele : zarys dziej\u00f3w \/ Rados\u0142aw Waleszczak. &#8211; Chorzele&hellip;<\/p>\n","category_list_v2":"","author_info_v2":{"name":"Luiza Dawidziuk","url":"https:\/\/bpprzasnysz.pl\/en\/author\/luizad\/"},"comments_num_v2":"0 comments","_links":{"self":[{"href":"https:\/\/bpprzasnysz.pl\/en\/wp-json\/wp\/v2\/pages\/37978","targetHints":{"allow":["GET"]}}],"collection":[{"href":"https:\/\/bpprzasnysz.pl\/en\/wp-json\/wp\/v2\/pages"}],"about":[{"href":"https:\/\/bpprzasnysz.pl\/en\/wp-json\/wp\/v2\/types\/page"}],"author":[{"embeddable":true,"href":"https:\/\/bpprzasnysz.pl\/en\/wp-json\/wp\/v2\/users\/1285"}],"replies":[{"embeddable":true,"href":"https:\/\/bpprzasnysz.pl\/en\/wp-json\/wp\/v2\/comments?post=37978"}],"version-history":[{"count":2,"href":"https:\/\/bpprzasnysz.pl\/en\/wp-json\/wp\/v2\/pages\/37978\/revisions"}],"predecessor-version":[{"id":38038,"href":"https:\/\/bpprzasnysz.pl\/en\/wp-json\/wp\/v2\/pages\/37978\/revisions\/38038"}],"wp:attachment":[{"href":"https:\/\/bpprzasnysz.pl\/en\/wp-json\/wp\/v2\/media?parent=37978"}],"curies":[{"name":"wp","href":"https:\/\/api.w.org\/{rel}","templated":true}]}}