{"id":21143,"date":"2021-09-20T14:33:27","date_gmt":"2021-09-20T12:33:27","guid":{"rendered":"https:\/\/bpprzasnysz.pl\/rodo\/"},"modified":"2022-07-05T13:29:54","modified_gmt":"2022-07-05T11:29:54","slug":"rodo","status":"publish","type":"page","link":"https:\/\/bpprzasnysz.pl\/ru\/rodo\/","title":{"rendered":"GDPR"},"content":{"rendered":"\n<p>W zwi\u0105zku z realizacj\u0105 wymog\u00f3w Rozporz\u0105dzenia Parlamentu Europejskiego i Rady (UE) 2016\/679 z dnia 27 kwietnia 2016 r. w sprawie ochrony os\u00f3b fizycznych w zwi\u0105zku z przetwarzaniem danych osobowych i w sprawie swobodnego przep\u0142ywu takich danych oraz uchylenia dyrektywy 95\/46\/WE (og\u00f3lne rozporz\u0105dzenie o ochronie danych \u201eRODO\u201d), informujemy o zasadach przetwarzania Pani\/Pana danych osobowych oraz o przys\u0142uguj\u0105cych Pani\/Panu prawach z tym zwi\u0105zanych.<br>Poni\u017csze zasady stosuje si\u0119 pocz\u0105wszy od 25 maja 2018 roku.<\/p>\n\n\n\n<ol class=\"wp-block-list\"><li>Administratorem Pani\/Pana danych osobowych, pozyskiwanych na potrzeby \u015bwiadczenia us\u0142ug przez Bibliotek\u0119, jest Biblioteka Pedagogiczna w Ostro\u0142\u0119ce z siedzib\u0105 w Ostro\u0142\u0119ce, ul. Pi\u0142sudskiego 38, 07-410 Ostro\u0142\u0119ka.<\/li><li>Z Bibliotek\u0105 mo\u017cna si\u0119 skontaktowa\u0107:<\/li><\/ol>\n\n\n\n<ul class=\"wp-block-list\"><li>telefonicznie pod numerem: 29 764 21 29<\/li><li>pod adresem e-mail:&nbsp;<a href=\"mailto:sekretariat@bp.ostroleka.pl\">sekretariat@bp.ostroleka.pl<\/a><\/li><li>pisemnie, przesy\u0142aj\u0105c korespondencj\u0119 na wy\u017cej wskazany adres,<\/li><li>w siedzibie Biblioteki.<\/li><\/ul>\n\n\n\n<ol class=\"wp-block-list\" start=\"3\"><li>We wszystkich sprawach zwi\u0105zanych z przetwarzaniem Pani\/Pana danych osobowych nale\u017cy kontaktowa\u0107 si\u0119 z Inspektorem Ochrony Danych Osobowych, e-mail:&nbsp;<a href=\"mailto:iod@ckziu.ostroleka.pl\">iod@ckziu.ostroleka.pl<\/a>&nbsp;lub pisemnie na adres wskazany powy\u017cej.<\/li><li>Pani\/Pana dane osobowe b\u0119d\u0105 przetwarzane w celu \u015bwiadczenia us\u0142ug przez Bibliotek\u0119 (art. 6 ust. 1 lit. b og\u00f3lnego rozporz\u0105dzenia o ochronie danych osobowych (RODO) z dnia 27 kwietnia 2016 r.) oraz prawnie uzasadnionego naszego celu (art. 6 ust. 1 lit. f), jakim jest dochodzenie zad\u0142u\u017ce\u0144 czytelniczych.<\/li><li>Pani\/Pana dane osobowe mog\u0105 by\u0107 udost\u0119pnione firmie windykacyjnej w celu egzekwowania zad\u0142u\u017ce\u0144 czytelniczych, tylko je\u017celi ma to zastosowanie.<\/li><li>Dane b\u0119d\u0105 przechowywane przez okres pi\u0119ciu lat od ostatniego skorzystania z us\u0142ug Biblioteki (\u00a7 IX pkt 7 Regulaminu korzystania ze zbior\u00f3w Biblioteki Pedagogicznej w Ostro\u0142\u0119ce) lub przez okres niezb\u0119dny do realizacji prawnie uzasadnionego naszego celu.<\/li><li>Ma Pani\/Pan prawo dost\u0119pu do tre\u015bci swoich danych osobowych, ich poprawiania, modyfikacji, usuni\u0119cia (\u00a7 IX pkt 6-9 Regulaminu korzystania ze zbior\u00f3w Biblioteki Pedagogicznej w Ostro\u0142\u0119ce) lub ograniczenia przetwarzania.<\/li><li>Ma Pani\/Pan prawo do przenoszenia danych i uzyskania kopii swoich danych.<\/li><li>Ma Pani\/Pan prawo wniesienia w dowolnym momencie sprzeciwu wobec dalszego przetwarzania danych osobowych przez Bibliotek\u0119, zwi\u0105zanego z egzekwowaniem zad\u0142u\u017cenia wobec Biblioteki. Przyczyn\u0105 tego sprzeciwu musi by\u0107 Pani\/Pana szczeg\u00f3lna sytuacja.<\/li><li>Ma Pani\/Pan r\u00f3wnie\u017c prawo do wniesienia skargi do organu nadzorczego zajmuj\u0105cego si\u0119 ochron\u0105 danych osobowych w przypadku uznania, \u017ce przetwarzanie Pani\/Pana danych osobowych narusza RODO.<\/li><li>Podanie przez Pani\u0105\/Pana danych osobowych jest dobrowolne, lecz niezb\u0119dne do korzystania z us\u0142ug Biblioteki.<\/li><\/ol>\n","protected":false},"excerpt":{"rendered":"<p>W zwi\u0105zku z realizacj\u0105 wymog\u00f3w Rozporz\u0105dzenia Parlamentu Europejskiego i Rady (UE) 2016\/679 z dnia 27 kwietnia 2016 r. w sprawie [&hellip;]<\/p>\n","protected":false},"author":12,"featured_media":0,"parent":0,"menu_order":0,"comment_status":"closed","ping_status":"closed","template":"","meta":{"_acf_changed":false,"_oasis_is_in_workflow":0,"_oasis_original":0,"inline_featured_image":false,"site-sidebar-layout":"default","site-content-layout":"default","ast-site-content-layout":"default","site-content-style":"default","site-sidebar-style":"default","ast-global-header-display":"","ast-banner-title-visibility":"","ast-main-header-display":"","ast-hfb-above-header-display":"","ast-hfb-below-header-display":"","ast-hfb-mobile-header-display":"","site-post-title":"","ast-breadcrumbs-content":"","ast-featured-img":"","footer-sml-layout":"","ast-disable-related-posts":"","theme-transparent-header-meta":"default","adv-header-id-meta":"","stick-header-meta":"","header-above-stick-meta":"","header-main-stick-meta":"","header-below-stick-meta":"","astra-migrate-meta-layouts":"default","ast-page-background-enabled":"default","ast-page-background-meta":{"desktop":{"background-color":"","background-image":"","background-repeat":"repeat","background-position":"center center","background-size":"auto","background-attachment":"scroll","background-type":"","background-media":"","overlay-type":"","overlay-color":"","overlay-opacity":"","overlay-gradient":""},"tablet":{"background-color":"","background-image":"","background-repeat":"repeat","background-position":"center center","background-size":"auto","background-attachment":"scroll","background-type":"","background-media":"","overlay-type":"","overlay-color":"","overlay-opacity":"","overlay-gradient":""},"mobile":{"background-color":"","background-image":"","background-repeat":"repeat","background-position":"center center","background-size":"auto","background-attachment":"scroll","background-type":"","background-media":"","overlay-type":"","overlay-color":"","overlay-opacity":"","overlay-gradient":""}},"ast-content-background-meta":{"desktop":{"background-color":"var(--ast-global-color-5)","background-image":"","background-repeat":"repeat","background-position":"center center","background-size":"auto","background-attachment":"scroll","background-type":"","background-media":"","overlay-type":"","overlay-color":"","overlay-opacity":"","overlay-gradient":""},"tablet":{"background-color":"var(--ast-global-color-5)","background-image":"","background-repeat":"repeat","background-position":"center center","background-size":"auto","background-attachment":"scroll","background-type":"","background-media":"","overlay-type":"","overlay-color":"","overlay-opacity":"","overlay-gradient":""},"mobile":{"background-color":"var(--ast-global-color-5)","background-image":"","background-repeat":"repeat","background-position":"center center","background-size":"auto","background-attachment":"scroll","background-type":"","background-media":"","overlay-type":"","overlay-color":"","overlay-opacity":"","overlay-gradient":""}},"_themeisle_gutenberg_block_has_review":false,"footnotes":""},"class_list":["post-21143","page","type-page","status-publish","hentry"],"acf":[],"featured_image_urls_v2":{"full":"","thumbnail":"","medium":"","medium_large":"","large":"","1536x1536":"","2048x2048":"","menu-24x24":"","menu-36x36":"","menu-48x48":""},"post_excerpt_stackable_v2":"<p>W zwi\u0105zku z realizacj\u0105 wymog\u00f3w Rozporz\u0105dzenia Parlamentu Europejskiego i Rady (UE) 2016\/679 z dnia 27 kwietnia 2016 r. w sprawie ochrony os\u00f3b fizycznych w zwi\u0105zku z przetwarzaniem danych osobowych i w sprawie swobodnego przep\u0142ywu takich danych oraz uchylenia dyrektywy 95\/46\/WE (og\u00f3lne rozporz\u0105dzenie o ochronie danych \u201eRODO\u201d), informujemy o zasadach przetwarzania Pani\/Pana danych osobowych oraz o przys\u0142uguj\u0105cych Pani\/Panu prawach z tym zwi\u0105zanych.Poni\u017csze zasady stosuje si\u0119 pocz\u0105wszy od 25 maja 2018 roku. Administratorem Pani\/Pana danych osobowych, pozyskiwanych na potrzeby \u015bwiadczenia us\u0142ug przez Bibliotek\u0119, jest Biblioteka Pedagogiczna w Ostro\u0142\u0119ce z siedzib\u0105 w Ostro\u0142\u0119ce, ul. Pi\u0142sudskiego 38, 07-410 Ostro\u0142\u0119ka.Z Bibliotek\u0105 mo\u017cna si\u0119 skontaktowa\u0107: telefonicznie&hellip;<\/p>\n","category_list_v2":"","author_info_v2":{"name":"ktadaszak","url":"https:\/\/bpprzasnysz.pl\/ru\/author\/ktadaszak\/"},"comments_num_v2":"0 \u043a\u043e\u043c\u043c\u0435\u043d\u0442\u0430\u0440\u0438\u0435\u0432","_links":{"self":[{"href":"https:\/\/bpprzasnysz.pl\/ru\/wp-json\/wp\/v2\/pages\/21143","targetHints":{"allow":["GET"]}}],"collection":[{"href":"https:\/\/bpprzasnysz.pl\/ru\/wp-json\/wp\/v2\/pages"}],"about":[{"href":"https:\/\/bpprzasnysz.pl\/ru\/wp-json\/wp\/v2\/types\/page"}],"author":[{"embeddable":true,"href":"https:\/\/bpprzasnysz.pl\/ru\/wp-json\/wp\/v2\/users\/12"}],"replies":[{"embeddable":true,"href":"https:\/\/bpprzasnysz.pl\/ru\/wp-json\/wp\/v2\/comments?post=21143"}],"version-history":[{"count":4,"href":"https:\/\/bpprzasnysz.pl\/ru\/wp-json\/wp\/v2\/pages\/21143\/revisions"}],"predecessor-version":[{"id":21886,"href":"https:\/\/bpprzasnysz.pl\/ru\/wp-json\/wp\/v2\/pages\/21143\/revisions\/21886"}],"wp:attachment":[{"href":"https:\/\/bpprzasnysz.pl\/ru\/wp-json\/wp\/v2\/media?parent=21143"}],"curies":[{"name":"wp","href":"https:\/\/api.w.org\/{rel}","templated":true}]}}