{"id":37966,"date":"2025-10-28T10:48:24","date_gmt":"2025-10-28T09:48:24","guid":{"rendered":"https:\/\/bpprzasnysz.pl\/?page_id=37966"},"modified":"2025-10-28T11:24:35","modified_gmt":"2025-10-28T10:24:35","slug":"higiena-cyfrowa","status":"publish","type":"page","link":"https:\/\/bpprzasnysz.pl\/ru\/higiena-cyfrowa\/","title":{"rendered":"Higiena cyfrowa"},"content":{"rendered":"\n<p class=\"has-text-align-left\"><strong>HIGIENA CYFROWA I CYBERUZALE\u017bNIENIA<\/strong> <strong>w zbiorach Biblioteki Pedagogicznej w Ostro\u0142\u0119ce Filia w Przasnyszu i w \u017ar\u00f3d\u0142ach internetowych \u2013 zestawienie bibliograficzne w wyborze (stan na 20.10.2025r.)<\/strong><\/p>\n\n\n\n<p><strong>KSI\u0104\u017bKI<\/strong><\/p>\n\n\n\n<p><strong>Agresja elektroniczna i cyberbullying jako nowe ryzykowne zachowania m\u0142odzie\u017cy<\/strong> \/ Jacek Py\u017calski. &#8212; Krak\u00f3w : Oficyna Wydawnicza Impuls 2012. <\/p>\n\n\n\n<p>Sygnatura W 37097<\/p>\n\n\n\n<p><strong>Bezpiecze\u0144stwo dzieci online : kompendium dla rodzic\u00f3w i profesjonalist\u00f3w<\/strong> \/ [aut. Julia Gursztyn et al.]. &#8212; [Warszawa] : NASK : Fundacja Dzieci Niczyje cop. 2014.<\/p>\n\n\n\n<p>Sygnatura W 41768<\/p>\n\n\n\n<p><strong>Bezpieczne media : poradnik dla rodzic\u00f3w<\/strong>. &#8212; [Warszawa : Orange 2009].<\/p>\n\n\n\n<p>Sygnatura W 41654<\/p>\n\n\n\n<p><strong>Ca\u0142e \u017cycie w Sieci<\/strong> \/ red. Barbara Szmigielska. &#8212; Krak\u00f3w : Wydawnictwo Uniwersytetu Jagiello\u0144skiego 2008.<\/p>\n\n\n\n<p>Sygnatura W 33924<\/p>\n\n\n\n<p><strong>Co og\u0142upia nasze dzieci? : nowe media jako wyzwanie dla rodzic\u00f3w<\/strong> \/ J\u00fcrgen Holtkamp ; t\u0142. Laura Mohort-Kopaczy\u0144ska. &#8212; Krak\u00f3w : Wydawnictwo Salwator cop. 2011.<\/p>\n\n\n\n<p>Sygnatura W 36686<\/p>\n\n\n\n<p><strong>Cyber pu\u0142apka : jak internet, sztuczna inteligencja i wirtualna rzeczywisto\u015b\u0107 skutecznie niszcz\u0105 cywilizacj\u0119 \/<\/strong> Andrzej Zwoli\u0144ski. &#8212; Warszawa : Fronda PL copyright 2023.<\/p>\n\n\n\n<p>Sygnatura W 46321<\/p>\n\n\n\n<p><strong>Cyberbezpiecze\u0144stwo dzieci i m\u0142odzie\u017cy : realny i wirtualny problem polityki bezpiecze\u0144stwa <\/strong>\/ redakcja naukowa Marek G\u00f3rka. &#8212; Warszawa : Difin 2017.<\/p>\n\n\n\n<p>Sygnatura W 44658<\/p>\n\n\n\n<p><strong>Cyberchoroby : jak cyfrowe \u017cycie rujnuje nasze zdrowie<\/strong> \/ Manfred Spitzer ; prze\u0142. Ma\u0142gorzata Guzowska. &#8212; S\u0142upsk : Wydawnictwo Dobra Literatura 2016.<\/p>\n\n\n\n<p>Sygnatura W 41045<\/p>\n\n\n\n<p><strong>Cyber\u015bwiat &#8212; mo\u017cliwo\u015bci i zagro\u017cenia <\/strong>\/ red. naukowa J\u00f3zef Bednarek, Anna Andrzejewska. &#8212; Warszawa : Wydawnictwo Akademickie &#187; \u017bak&#187; cop. 2009.<\/p>\n\n\n\n<p>Sygnatura W 35191<\/p>\n\n\n\n<p><strong>Cyberuzale\u017cnienia : zjawisko, profilaktyka, elementy terapii<\/strong> \/ Mariusz Z. J\u0119drzejko, Agnieszka E. Taper, Izabela Kie\u0142tyk-Zaborowska. &#8212; Warszawa : Medical Tribune Polska : we wsp\u00f3\u0142pracy z Instytutem Pedagogiki Akademii Piotrkowskiej : oraz Fundacj\u0105 Bonum Humanum 2024.<\/p>\n\n\n\n<p>Sygnatura W 47570<\/p>\n\n\n\n<p><strong>Cyberzaburzenia : cyberuzale\u017cnienia<\/strong> \/ Mariusz Z. J\u0119drzejko, Agnieszka Taper, Tomasz Koz\u0142owski. &#8212; Warszawa ; [Milan\u00f3wek] : Centrum Profilaktyki Spo\u0142ecznej &#8212; Oficyna Wydawnicza von Velke ; Ostrowiec \u015awi\u0119tokrzyski : Wy\u017csza Szko\u0142a Biznesu<\/p>\n\n\n\n<p>i Przedsi\u0119biorczo\u015bci w Ostrowcu \u015awi\u0119tokrzyskim 2020.<\/p>\n\n\n\n<p>Sygnatura W 44368<\/p>\n\n\n\n<p><strong>Cyfrowa demencja : w jaki spos\u00f3b pozbawiamy rozumu siebie i swoje dzieci<\/strong> \/ Manfred. &#8212; S\u0142upsk : Dobra Literatura 2013. SygnaturaW 37738<\/p>\n\n\n\n<p><strong>Cyfrowe szale\u0144stwo : jak media spo\u0142eczno\u015bciowe nap\u0119dzaj\u0105 kryzys zdrowia psychicznego i jak odzyska\u0107 r\u00f3wnowag\u0119<\/strong> \/ Nicholas Kardaras, Ph. D.. &#8212; Warszawa: CeDeWu 2023.<\/p>\n\n\n\n<p>Sygnatura W 45641<\/p>\n\n\n\n<p><strong>Cz\u0142owiek wobec uzale\u017cnie\u0144 : wybrane problemy<\/strong> \/ Mariusz J\u0119drzejko, Marzena Netczuk-Gwo\u017adziewicz red.nauk. &#8212; Warszawa : Oficyna Wydawnicza ASPRA-JR 2013.<\/p>\n\n\n\n<p>Sygnatura W 39973<\/p>\n\n\n\n<p><strong>Dzieci a multimedia<\/strong> \/ Mariusz J\u0119drzejko, Agnieszka Taper. &#8212; Warszawa : Oficyna Wydawnicza Aspra-Jr ; D\u0105browa G\u00f3rnicza : Wy\u017csza Szko\u0142a Biznesu 2012.<\/p>\n\n\n\n<p>Sygnatura W 39989<\/p>\n\n\n\n<p><strong>Dzieci i m\u0142odzie\u017c w sieci zagro\u017ce\u0144 realnych i wirtualnych : aspekty teoretyczne<\/strong><\/p>\n\n\n\n<p><strong>i empiryczne<\/strong> \/ Anna Andrzejewska. &#8212; Warszawa : Difin cop. 2014.Sygnatura W 38125<\/p>\n\n\n\n<p><strong>Dzieci w sieci czyli Dobre maniery w internecie<\/strong> \/ Zofia Staniszewska ; ilustrowa\u0142 Artur Nowicki. \u2013 Katowice : Wydawnictwo Debit 2017.<\/p>\n\n\n\n<p>Sygnatura W 43746<\/p>\n\n\n\n<p><strong>Dziecko na cyfrowym odwyku : jak bez krzyku oderwa\u0107 dziecko od komputera<\/strong><\/p>\n\n\n\n<p><strong>i smartfona<\/strong> \/ Ma\u0142gorzata Majewska. &#8212; Bielsko Bia\u0142a : Wydawnictwo Dragon 2022. Sygnatura W 45339<\/p>\n\n\n\n<p><strong>Dziecko w \u015bwiecie medi\u00f3w i konsumpcji<\/strong> \/ pod red. Ma\u0142gorzaty Boguni-Borowskiej. &#8212; Krak\u00f3w : Wydawnictwo Uniwersytetu Jagiello\u0144skiego cop. 2006. Sygnatura W 31991<\/p>\n\n\n\n<p><strong>Dziecko w \u015bwiecie technologii : wychowanie w cyfrowej rzeczywisto\u015bci<\/strong> \/ Katie Davis ; t\u0142umaczenie Kasper Kalinowski. &#8212; Krak\u00f3w : Copernicus Center Press 2024. Sygnatura W 46507<\/p>\n\n\n\n<p><strong>Fotka : o zdj\u0119ciach i mediach spo\u0142eczno\u015bciowych<\/strong> \/ Nathan Jurgenson ; przek\u0142ad \u0141ukasz Zaremba. \u2013 Krak\u00f3w : Wydawnictwo Karakter ; Warszawa : Muzeum Sztuki Nowoczesnej w Warszawie 2021.<\/p>\n\n\n\n<p>Sygnatura W 45070<\/p>\n\n\n\n<p><strong>Hejt : hejterem mo\u017ce by\u0107 ka\u017cdy : ka\u017cdy mo\u017ce te\u017c sta\u0107 si\u0119 jego ofiar\u0105<\/strong> \/ Monika S\u0142awecka. &#8212; Bielsko-Bia\u0142a : Pascal 2021.<\/p>\n\n\n\n<p>Sygnatura W 44681<\/p>\n\n\n\n<p><strong>iGen : dlaczego dzieciaki dorastaj\u0105ce w sieci s\u0105 mniej zbuntowane, bardziej tolerancyjne, mniej szcz\u0119\u015bliwe &#8212; i zupe\u0142nie nieprzygotowane do doros\u0142o\u015bci* i co to oznacza dla nas wszystkich<\/strong> \/ Jean M. Twenge. &#8212; Sopot : Smak S\u0142owa copyright 2019.<\/p>\n\n\n\n<p>Sygnatura W 43309<\/p>\n\n\n\n<p><strong>Igrzyska bez ko\u0144ca : serwis YouTube w \u017cyciu m\u0142odych odbiorc\u00f3w<\/strong> \/ Andrzej Por\u0119bski. &#8212; Warszawa : Wydawnictwo Naukowe Scholar 2024.<\/p>\n\n\n\n<p>Sygnatura W 47721<\/p>\n\n\n\n<p><strong>Internet a dzieci : uzale\u017cnienia i inne niebezpiecze\u0144stwa<\/strong> \/ Parry Aftab; prze\u0142. Barbara Nicewicz. &#8212; Warszawa : Pr\u00f3szy\u0144ski i S-ka 2003.<\/p>\n\n\n\n<p>Sygnatura W 28725<\/p>\n\n\n\n<p><strong>Jak nie zgubi\u0107 dziecka w sieci?<\/strong> \/ Zyta Czechowska, Miko\u0142aj Marcela. &#8212; Warszawa : Muza 2021.<\/p>\n\n\n\n<p>Sygnatura W 44398<\/p>\n\n\n\n<p><strong>Kierunek: offline : jak znale\u017a\u0107 cyfrow\u0105 r\u00f3wnowag\u0119 i zrozumie\u0107 e-dzieci\u0144stwo swojego dziecka? <\/strong>\/ Agnieszka Krzy\u017canowska. &#8212; Bielsko-Bia\u0142a : Wydawnictwo Pascal 2020.<\/p>\n\n\n\n<p>Sygnatura W 44896<\/p>\n\n\n\n<p><strong>Media &#8212; warto\u015bci &#8212; prawo<\/strong> \/ pod red. Ryszarda Sztychmilera. &#8212; Olsztyn : Uniwersytet Warmi\u0144sko-Mazurski cop. 2008.<\/p>\n\n\n\n<p>Sygnatura W 34560<\/p>\n\n\n\n<p><strong>Media : szkic z filozofii i pedagogiki dystansu \/<\/strong> Tomasz Szkudlarek. &#8212; Krak\u00f3w : &#171;Impuls&#187; 1999<\/p>\n\n\n\n<p>Sygnatura W 27035<\/p>\n\n\n\n<p><strong>Media elektroniczne w \u017cyciu dziecka w kontek\u015bcie warto\u015bci wychowawczych oraz zagro\u017ce\u0144<\/strong> \/ pod red. Jadwigi Izdebskiej. &#8212; Bia\u0142ystok : Trans Humana Wydawnictwo Uniwersyteckie 2008.<\/p>\n\n\n\n<p>Sygnatura W 33163<\/p>\n\n\n\n<p><strong>M\u0142odzie\u017c w sieci : (nie)bezpieczna komunikacja w Internecie<\/strong> \/ Iryna Surina, Ma\u0142gorzata Chrzanowska-Gancarz. &#8212; Toru\u0144 : Wydawnictwo Adam Marsza\u0142ek 2022. Sygnatura W 45225<\/p>\n\n\n\n<p><strong>Nauczanie i uczenie si\u0119 w przestrzeni medi\u00f3w wirtualnych : rzeczywisto\u015b\u0107 wirtualna w edukacji wczesnoszkolnej<\/strong> \/ Kamila Majewska. &#8212; Toru\u0144 : Wydawnictwo Adam Marsza\u0142ek 2021.<\/p>\n\n\n\n<p>Sygnatura W 47139<\/p>\n\n\n\n<p><strong>Nienawi\u015b\u0107 sp. z o. o. : jak dzisiejsze media ka\u017c\u0105 nam gardzi\u0107 sob\u0105 nawzajem<\/strong> \/ Matt Taibbi. &#8212; Wo\u0142owiec : Wydawnictwo Czarne 2024.<\/p>\n\n\n\n<p>Sygnatura W 46776<\/p>\n\n\n\n<p><strong>Nowe cyfrowe dzieci\u0144stwo : jak wychowywa\u0107 dzieci, by radzi\u0142y sobie w usieciowionym \u015bwiecie<\/strong> \/ Jordan Shapiro. &#8212; Warszawa : Wydawnictwa Mamania 2020.<\/p>\n\n\n\n<p>Sygnatura W 43863<\/p>\n\n\n\n<p><strong>Nowe uzale\u017cnienia m\u0142odego pokolenia : od przyjemno\u015bci do przymusu<\/strong> \/ Robert Modrzy\u0144ski. &#8212; Warszawa : Difin 2021.<\/p>\n\n\n\n<p>Sygnatura W 44426<\/p>\n\n\n\n<p><strong>Pato&amp;influencerzy twoje dziecko lubi to <\/strong>\/ Mariusz Sepio\u0142o. &#8212; Krak\u00f3w : SQN 2024. Sygnatura W 47235<\/p>\n\n\n\n<p><strong>Patologia cyfrowego dzieci\u0144stwa i m\u0142odo\u015bci : przyczyny, skutki, zapobieganie<br>w rodzinach i w szko\u0142ach <\/strong>\/Stanis\u0142aw Kozak. &#8212; Warszawa : Difin 2014.<\/p>\n\n\n\n<p>Sygnatura W 38182<\/p>\n\n\n\n<p><strong>Patologia fonoholizmu : przyczyny, skutki i leczenie uzale\u017cnienia dzieci<br>i m\u0142odzie\u017cy od telefonu kom\u00f3rkowego <\/strong>\/ Stanis\u0142aw Kozak. &#8212; Warszawa : Difin 2013. Sygnatura W 37520<\/p>\n\n\n\n<p><strong>Patologie spo\u0142eczne i problemy spo\u0142eczne<\/strong> \/ Irena Pospiszyl. &#8212; Warszawa : Wydawnictwo Naukowe SCHOLAR 2021.<\/p>\n\n\n\n<p>SygnaturaW 45179<\/p>\n\n\n\n<p><strong>Przestrze\u0144 cyfrowa w ponowoczesno\u015bci : jednostka, technologia, profilaktyka <\/strong>\/ Joanna Grubicka, Rados\u0142awa Kompowska-Marek. &#8212; Warszawa : Difin 2024.<\/p>\n\n\n\n<p>Sygnatura W 47415<\/p>\n\n\n\n<p><strong>Psychologia medi\u00f3w i komunikowania : wprowadzenie<\/strong> \/ Agnieszka Ogonowska. &#8212; Krak\u00f3w : Oficyna Wydawnicza Impuls 2018. SygnaturaW 42132<\/p>\n\n\n\n<p><strong>Psychologia wp\u0142ywu medi\u00f3w : wybrane teorie, metody, badania<\/strong> \/ Dorota Kubicka, Anna Ko\u0142odziejczyk. &#8212; Krak\u00f3w : Oficyna Wydawnicza &#171;Impuls&#187; 2007.<\/p>\n\n\n\n<p>Sygnatura W 32961<\/p>\n\n\n\n<p><strong>Pu\u0142apki wsp\u00f3\u0142czesno\u015bci. Cz. 1, Cyfrowi tubylcy : socjopedagogiczne aspekty nowych technologii cyfrowych <\/strong>\/ Mariusz J\u0119drzejko, Danuta Mora\u0144ska. &#8212; D\u0105browa G\u00f3rnicza : Wy\u017csza Szko\u0142a Biznesu ; Warszawa : Oficyna Wydawnicza Aspra-Jr 2013.<\/p>\n\n\n\n<p>Sygnatura W 39971<\/p>\n\n\n\n<p><strong>Sieci wp\u0142ywu : psychologia perswazji online<\/strong> \/ Nathalie Nahai ; prze\u0142o\u017cy\u0142a Ma\u0142gorzata Guzowska. &#8212; Warszawa : PWN 2018.<\/p>\n\n\n\n<p>Sygnatura W 42138<\/p>\n\n\n\n<p><strong>\u015arodki przekazu : informacja czy manipulacja<\/strong> \/ red. Adam Balicki, Tadeusz Guz, Wojciech Lis ; Katolicki Uniwersytet Lubelski Jana Paw\u0142a II. Wydzia\u0142 Zamiejscowy Nauk Prawnych i Ekonomicznych KUL w Tomaszowie Lubelskim. &#8212; Lublin : Wydawnictwo KUL 2008.<\/p>\n\n\n\n<p>Sygnatura W 35361<\/p>\n\n\n\n<p><strong>Twoje dziecko w sieci : przewodnik po cyfrowym \u015bwiecie dla czasami zdezorientowanych rodzic\u00f3w \/ <\/strong>Agnieszka E. Taper. &#8212; Krak\u00f3w: Wydawnictwo Literackie 2021.<\/p>\n\n\n\n<p>Sygnatura W 44754<\/p>\n\n\n\n<p><strong>Ty w social mediach : podr\u0119cznik budowania marki osobistej dla ka\u017cdego<\/strong> \/ Marcin \u017bukowski. &#8212; Gliwice : Helion 2017.<\/p>\n\n\n\n<p>Sygnatura W 41401<\/p>\n\n\n\n<p><strong>Ucze\u0144 w przestrzeni spo\u0142ecznej i medialnej. T. 2<\/strong> \/ redakcja naukowa Gra\u017cyna C\u0119celek, Piotr Miller, Piotr Klimczyk. &#8212; Warszawa : Difin 2024.<\/p>\n\n\n\n<p>Sygnatura W 46941<\/p>\n\n\n\n<p><strong>Uzale\u017cnienia : geneza, terapia, powr\u00f3t do zdrowia<\/strong> \/ Bohdan T. Woronowicz. &#8212; Pozna\u0144 ; Warszawa : Harbor Point Media Rodzina ; Wydawnictwo Edukacyjne Parpamedia cop. 2009.<\/p>\n\n\n\n<p>Sygnatura W 35440<\/p>\n\n\n\n<p><strong>Uzale\u017cnienia medialne : uwarunkowania, leczenie, profilaktyka<\/strong> \/ Agnieszka Ogonowska. &#8212; Krak\u00f3w : Wydawnictwo Edukacyjne 2018.<\/p>\n\n\n\n<p>Sygnatura W 46174<\/p>\n\n\n\n<p><strong>Uzale\u017cnienia medialne czyli O patologicznym wykorzystaniu medi\u00f3w i ich wp\u0142ywie na nasze zdrowie oraz \u017cycie naszych dzieci<\/strong> \/ Agnieszka Ogonowska. &#8212; Krak\u00f3w : Wydawnictwo Edukacyjne 2014.<\/p>\n\n\n\n<p>Sygnatura W 41559<\/p>\n\n\n\n<p><strong>W sieci medi\u00f3w spo\u0142eczno\u015bciowych : teorie i metody bada\u0144<\/strong> \/ Aleksandra Powierska. &#8212; Krak\u00f3w: Wydawnictwo Uniwersytetu Jagiello\u0144skiego \u00a9 copyright 2024. Sygnatura W 47789<\/p>\n\n\n\n<p><strong>Wsp\u00f3\u0142czesne media : przemoc w mediach.<\/strong> Tom pierwszy \/ pod redakcj\u0105 Iwony Hofman i Danuty K\u0119py-Figury. &#8212; Lublin : Wydawnictwo Uniwersytetu Marii Curie-Sk\u0142odowskiej 2020.<\/p>\n\n\n\n<p>Sygnatura W 43904<\/p>\n\n\n\n<p><strong>Wszystko dla lajk\u00f3w? : powiedz stop fikcji w internecie<\/strong> \/ Jennifer Moore-Mallinos ; ilustracje: Jon Davis ; [przek\u0142ad z j. angielskiego: Joanna Olejarczyk]. &#8212; Kielce : Wydawnictwo Jedno\u015b\u0107 copyright 2022.<\/p>\n\n\n\n<p>Sygnatura W 47189<\/p>\n\n\n\n<p><strong>Z nosem w ekranie : szklana pu\u0142apka czy szansa na rozw\u00f3j twojego dziecka?<\/strong> \/ Anya Kamenetz. &#8212; Warszawa : Laurum 2019.<\/p>\n\n\n\n<p>Sygnatura W 42663<\/p>\n\n\n\n<p><strong>Z nosem w smartfonie : co nasze dzieci robi\u0105 w internecie i czy na pewno trzeba si\u0119 tym martwi\u0107?<\/strong> \/ Karol Jachymek. &#8212; Warszawa : Wydawnictwo Agora 2024. Sygnatura W 46946<\/p>\n\n\n\n<p><strong>Zab\u00f3jcze aplikacje : jak smartfony zmieni\u0142y nasz \u015bwiat<\/strong> \/ Micha\u0142 R. Wi\u015bniewski. &#8212; Wo\u0142owiec : Wydawnictwo Czarne 2021.<\/p>\n\n\n\n<p>Sygnatura W 44766<\/p>\n\n\n\n<p><strong>Zagro\u017cenia dla ma\u0142oletniego ze strony medi\u00f3w audiowizualnych w \u015bwietle standard\u00f3w europejskich : perspektywa prawna i kryminologiczna. T. 1<\/strong> \/ Katarzyna Bad\u017amirowska-Mas\u0142owska. &#8212; Toru\u0144 : Wydawnictwo Adam Marsza\u0142ek 2024. Sygnatura W 47642<\/p>\n\n\n\n<p><strong>Zagro\u017cenia dla ma\u0142oletniego ze strony medi\u00f3w audiowizualnych w \u015bwietle standard\u00f3w europejskich : perspektywa prawna i kryminologiczna. T. 2<\/strong> \/ Katarzyna Bad\u017amirowska-Mas\u0142owska. &#8212; Toru\u0144 : Wydawnictwo Adam Marsza\u0142ek 2024.<\/p>\n\n\n\n<p><strong>Zagro\u017cenia ze strony medi\u00f3w<\/strong> \/ pod red. Gra\u017cyny Penkowskiej. &#8212; Gda\u0144sk : Wydawnictwo Naukowe Katedra 2017.<\/p>\n\n\n\n<p>Sygnatura W 41573<\/p>\n\n\n\n<p><strong>Zdolno\u015bci i postawa tw\u00f3rcza a styl u\u017cytkowania elektronicznych medi\u00f3w<\/strong> \/ Dorota Siemieniecka-Gogolin. &#8212; Toru\u0144 : MADO 2005.<\/p>\n\n\n\n<p>Sygnatura W 31610<\/p>\n\n\n\n<p><strong>ARTYKU\u0141Y Z CZASOPISM<\/strong><\/p>\n\n\n\n<p><strong>Bezpieczna Sie\u0107<\/strong> \/ Ewa Ga\u0142\u0105zka. \/\/ Wychowawca. &#8212; 2013, nr 7\/8, s. 19<\/p>\n\n\n\n<p><strong>Ofiary cyfrowej demencji<\/strong> \/ Manfred Spitzer ; rozm. przepr. Andrzej Lipi\u0144ski. \/\/ Charaktery. &#8212; 2013, nr 11, s. 66-69<\/p>\n\n\n\n<p><strong>Cyberprzemoc &#8212; zagro\u017cenie dla m\u0142odego pokolenia<\/strong> \/ Ilona Go\u0142\u0119biewska. \/\/ Wychowawca. &#8212; 2010, nr 7\/8, s. 12-15<\/p>\n\n\n\n<p><strong>Komputer szans\u0105 i zagro\u017ceniem dla rozwoju dziecka<\/strong> \/ Beata Hoffmann. \/\/ Problemy Opieku\u0144czo-Wychowawcze. &#8212; 2013, nr 9, s. 42-47<\/p>\n\n\n\n<p><strong>Profilaktyka uzale\u017cnienia od Internetu<\/strong> \/ Agnieszka Balon, Danuta \u017bwirowska. \/\/ Wychowawca. &#8212; 2013, nr 7\/8, s. 11-13<\/p>\n\n\n\n<p><strong>Higiena cyfrowa<\/strong> \/ Katarzyna Polak. \/\/ Dyrektor Szko\u0142y. &#8212; 2024, nr 7-8, s. 103-107<\/p>\n\n\n\n<p><strong>NETOGRAFIA<\/strong><\/p>\n\n\n\n<p><a href=\"https:\/\/www.edukacja-zdrowotna.pl\/nastolatki-w-wirtualnym-tunelu\/\" target=\"_blank\" rel=\"noopener\">https:\/\/www.edukacja-zdrowotna.pl\/nastolatki-w-wirtualnym-tunelu\/<\/a> <\/p>\n\n\n\n<p><a href=\"https:\/\/www.gov.pl\/web\/cppc\/cyfrowa-higiena--czyli-gdzie-zaczyna-sie-dobrostan-kompetencjecyfrowedlakazdego\" target=\"_blank\" rel=\"noopener\">https:\/\/www.gov.pl\/web\/cppc\/cyfrowa-higiena&#8212;czyli-gdzie-zaczyna-sie-dobrostan-kompetencjecyfrowedlakazdego<\/a><\/p>\n\n\n\n<p><a href=\"https:\/\/kompetencjecyfrowe.gov.pl\" target=\"_blank\" rel=\"noopener\">https:\/\/kompetencjecyfrowe.gov.pl<\/a><\/p>\n\n\n\n<p><a href=\"https:\/\/edukacjamedialna.edu.pl\" target=\"_blank\" rel=\"noopener\">https:\/\/edukacjamedialna.edu.pl<\/a><\/p>\n\n\n\n<p><a href=\"https:\/\/higienacyfrowa.pl\" target=\"_blank\" rel=\"noopener\">https:\/\/higienacyfrowa.pl<\/a><\/p>\n\n\n\n<p class=\"has-text-align-left\">&nbsp;Sporz\u0105dzi\u0142a: Agnieszka Leszczy\u0144ska<\/p>\n\n\n\n<p><\/p>\n","protected":false},"excerpt":{"rendered":"<p>HIGIENA CYFROWA I CYBERUZALE\u017bNIENIA w zbiorach Biblioteki Pedagogicznej w Ostro\u0142\u0119ce Filia w Przasnyszu i w \u017ar\u00f3d\u0142ach internetowych \u2013 zestawienie bibliograficzne [&hellip;]<\/p>\n","protected":false},"author":1285,"featured_media":0,"parent":0,"menu_order":0,"comment_status":"closed","ping_status":"closed","template":"","meta":{"_acf_changed":false,"_oasis_is_in_workflow":0,"_oasis_original":0,"inline_featured_image":false,"site-sidebar-layout":"default","site-content-layout":"","ast-site-content-layout":"default","site-content-style":"default","site-sidebar-style":"default","ast-global-header-display":"","ast-banner-title-visibility":"","ast-main-header-display":"","ast-hfb-above-header-display":"","ast-hfb-below-header-display":"","ast-hfb-mobile-header-display":"","site-post-title":"","ast-breadcrumbs-content":"","ast-featured-img":"","footer-sml-layout":"","ast-disable-related-posts":"","theme-transparent-header-meta":"","adv-header-id-meta":"","stick-header-meta":"","header-above-stick-meta":"","header-main-stick-meta":"","header-below-stick-meta":"","astra-migrate-meta-layouts":"set","ast-page-background-enabled":"default","ast-page-background-meta":{"desktop":{"background-color":"","background-image":"","background-repeat":"repeat","background-position":"center center","background-size":"auto","background-attachment":"scroll","background-type":"","background-media":"","overlay-type":"","overlay-color":"","overlay-opacity":"","overlay-gradient":""},"tablet":{"background-color":"","background-image":"","background-repeat":"repeat","background-position":"center center","background-size":"auto","background-attachment":"scroll","background-type":"","background-media":"","overlay-type":"","overlay-color":"","overlay-opacity":"","overlay-gradient":""},"mobile":{"background-color":"","background-image":"","background-repeat":"repeat","background-position":"center center","background-size":"auto","background-attachment":"scroll","background-type":"","background-media":"","overlay-type":"","overlay-color":"","overlay-opacity":"","overlay-gradient":""}},"ast-content-background-meta":{"desktop":{"background-color":"var(--ast-global-color-5)","background-image":"","background-repeat":"repeat","background-position":"center center","background-size":"auto","background-attachment":"scroll","background-type":"","background-media":"","overlay-type":"","overlay-color":"","overlay-opacity":"","overlay-gradient":""},"tablet":{"background-color":"var(--ast-global-color-5)","background-image":"","background-repeat":"repeat","background-position":"center center","background-size":"auto","background-attachment":"scroll","background-type":"","background-media":"","overlay-type":"","overlay-color":"","overlay-opacity":"","overlay-gradient":""},"mobile":{"background-color":"var(--ast-global-color-5)","background-image":"","background-repeat":"repeat","background-position":"center center","background-size":"auto","background-attachment":"scroll","background-type":"","background-media":"","overlay-type":"","overlay-color":"","overlay-opacity":"","overlay-gradient":""}},"_themeisle_gutenberg_block_has_review":false,"footnotes":""},"class_list":["post-37966","page","type-page","status-publish","hentry"],"acf":[],"featured_image_urls_v2":{"full":"","thumbnail":"","medium":"","medium_large":"","large":"","1536x1536":"","2048x2048":"","menu-24x24":"","menu-36x36":"","menu-48x48":""},"post_excerpt_stackable_v2":"<p>HIGIENA CYFROWA I CYBERUZALE\u017bNIENIA w zbiorach Biblioteki Pedagogicznej w Ostro\u0142\u0119ce Filia w Przasnyszu i w \u017ar\u00f3d\u0142ach internetowych \u2013 zestawienie bibliograficzne w wyborze (stan na 20.10.2025r.) KSI\u0104\u017bKI Agresja elektroniczna i cyberbullying jako nowe ryzykowne zachowania m\u0142odzie\u017cy \/ Jacek Py\u017calski. &#8212; Krak\u00f3w : Oficyna Wydawnicza Impuls 2012. Sygnatura W 37097 Bezpiecze\u0144stwo dzieci online : kompendium dla rodzic\u00f3w i profesjonalist\u00f3w \/ [aut. Julia Gursztyn et al.]. &#8212; [Warszawa] : NASK : Fundacja Dzieci Niczyje cop. 2014. Sygnatura W 41768 Bezpieczne media : poradnik dla rodzic\u00f3w. &#8212; [Warszawa : Orange 2009]. Sygnatura W 41654 Ca\u0142e \u017cycie w Sieci \/ red. Barbara Szmigielska. &#8212; Krak\u00f3w&hellip;<\/p>\n","category_list_v2":"","author_info_v2":{"name":"Luiza Dawidziuk","url":"https:\/\/bpprzasnysz.pl\/ru\/author\/luizad\/"},"comments_num_v2":"0 \u043a\u043e\u043c\u043c\u0435\u043d\u0442\u0430\u0440\u0438\u0435\u0432","_links":{"self":[{"href":"https:\/\/bpprzasnysz.pl\/ru\/wp-json\/wp\/v2\/pages\/37966","targetHints":{"allow":["GET"]}}],"collection":[{"href":"https:\/\/bpprzasnysz.pl\/ru\/wp-json\/wp\/v2\/pages"}],"about":[{"href":"https:\/\/bpprzasnysz.pl\/ru\/wp-json\/wp\/v2\/types\/page"}],"author":[{"embeddable":true,"href":"https:\/\/bpprzasnysz.pl\/ru\/wp-json\/wp\/v2\/users\/1285"}],"replies":[{"embeddable":true,"href":"https:\/\/bpprzasnysz.pl\/ru\/wp-json\/wp\/v2\/comments?post=37966"}],"version-history":[{"count":8,"href":"https:\/\/bpprzasnysz.pl\/ru\/wp-json\/wp\/v2\/pages\/37966\/revisions"}],"predecessor-version":[{"id":38083,"href":"https:\/\/bpprzasnysz.pl\/ru\/wp-json\/wp\/v2\/pages\/37966\/revisions\/38083"}],"wp:attachment":[{"href":"https:\/\/bpprzasnysz.pl\/ru\/wp-json\/wp\/v2\/media?parent=37966"}],"curies":[{"name":"wp","href":"https:\/\/api.w.org\/{rel}","templated":true}]}}