{"id":27955,"date":"2024-05-16T13:03:55","date_gmt":"2024-05-16T11:03:55","guid":{"rendered":"https:\/\/bpprzasnysz.pl\/?page_id=27955"},"modified":"2024-05-16T13:19:06","modified_gmt":"2024-05-16T11:19:06","slug":"%d0%ba%d0%b0%d1%84%d0%b5%d0%b4%d1%80%d0%b8","status":"publish","type":"page","link":"https:\/\/bpprzasnysz.pl\/uk\/%d0%ba%d0%b0%d1%84%d0%b5%d0%b4%d1%80%d0%b8\/","title":{"rendered":"\u043a\u0430\u0444\u0435\u0434\u0440\u0438"},"content":{"rendered":"\n<h2 class=\"wp-block-heading\">WYPO\u017bYCZALNIA<\/h2>\n\n\n\n<ul class=\"wp-block-list\">\n<li>Udost\u0119pnia zbiory wypo\u017cyczalni na zewn\u0105trz<\/li>\n\n\n\n<li>Buduje komputerow\u0105 baz\u0119 u\u017cytkownik\u00f3w Biblioteki<\/li>\n\n\n\n<li>Udziela informacji katalogowych<\/li>\n\n\n\n<li>Propaguje ksi\u0105\u017cki i czytelnictwo<\/li>\n\n\n\n<li>Prowadzi statystyki wypo\u017cycze\u0144<\/li>\n\n\n\n<li>Wysy\u0142a upomnienia<\/li>\n\n\n\n<li>Gromadzi dezyderaty czytelnik\u00f3w<\/li>\n\n\n\n<li>Prowadzi dokumentacj\u0119 zwi\u0105zan\u0105 z prac\u0105 dzia\u0142u<\/li>\n\n\n\n<li>Udost\u0119pnia kod PIN do wybranych publikacji w IBUK Libra<\/li>\n\n\n\n<li>Odpowiada za magazyny ksi\u0105\u017cek<\/li>\n<\/ul>\n\n\n\n<h2 class=\"wp-block-heading\"><strong>DZIA\u0141 ZBIOR\u00d3W SPECJALNYCH<\/strong><\/h2>\n\n\n\n<ul class=\"wp-block-list\">\n<li>Gromadzi i udost\u0119pnia zbiory multimedialne i pomoce dydaktyczne<\/li>\n\n\n\n<li>Ewidencjonuje, kataloguje i klasyfikuje nabytki w systemie Prolib<\/li>\n\n\n\n<li>Pozyskuje dary od os\u00f3b prywatnych i instytucji<\/li>\n\n\n\n<li>Dokonuje selekcji zbior\u00f3w zniszczonych i zdezaktualizowanych<\/li>\n\n\n\n<li>Prowadzi dokumentacj\u0119 dzia\u0142u<\/li>\n\n\n\n<li>Sporz\u0105dza zestawienia bibliograficzne multimedi\u00f3w<\/li>\n\n\n\n<li>Promuje zbiory specjalne na stronie Biblioteki, Instagramie i Facebooku<\/li>\n<\/ul>\n\n\n\n<h2 class=\"wp-block-heading\">DZIA\u0141 INFORMACYJNO \u2013 BIBLIOGRAFICZNY I CZYTELNIA<\/h2>\n\n\n\n<p>Czytelnia ma charakter publiczny. Dzia\u0142 udost\u0119pnia swoje zbiory na miejscu oraz w ramach wypo\u017cycze\u0144 weekendowych i nocnych oraz:<\/p>\n\n\n\n<ul class=\"wp-block-list\">\n<li>udziela informacji i porad w zakresie pos\u0142ugiwania si\u0119 warsztatem informacyjnym Biblioteki<\/li>\n\n\n\n<li>udziela pomocy przy wyborze literatury na dany temat<\/li>\n\n\n\n<li>sporz\u0105dza zestawienia bibliograficzne<\/li>\n\n\n\n<li>prowadzi warsztaty i zaj\u0119cia biblioteczne<\/li>\n\n\n\n<li>organizuje wystawy, spotkania autorskie, konkursy czytelnicze i inne imprezy promuj\u0105ce ksi\u0105\u017ck\u0119 i czytelnictwo<\/li>\n\n\n\n<li>koordynuje dzia\u0142alno\u015b\u0107 informacyjn\u0105 Biblioteki<\/li>\n\n\n\n<li>prowadzi Internetowe Centrum Informacji Multimedialnej<\/li>\n<\/ul>\n\n\n\n<h2 class=\"wp-block-heading\">DZIA\u0141 GROMADZENIA I OPRACOWANIA ZBIOR\u00d3W<\/h2>\n\n\n\n<ul class=\"wp-block-list\">\n<li>dokonuje wyboru i gromadzi ksi\u0119gozbi\u00f3r zgodnie z koncepcj\u0105 pracy Biblioteki<\/li>\n\n\n\n<li>nawi\u0105zuje wsp\u00f3\u0142prac\u0119 z osobami prywatnymi i instytucjami w celu pozyskania dar\u00f3w<\/li>\n\n\n\n<li>ewidencjonuje, kataloguje i klasyfikuje nabytki w bibliotecznym systemie Prolib<\/li>\n\n\n\n<li>organizuje skontrum, dokonuje selekcji zbior\u00f3w zwartych<\/li>\n\n\n\n<li>promuje nowo\u015bci wydawnicze na stronie Biblioteki<\/li>\n\n\n\n<li>wsp\u00f3\u0142organizuje imprezy biblioteczne maj\u0105ce na celu promowanie czytelnictwa, ksi\u0105\u017cki i Biblioteki w \u015brodowisku<\/li>\n\n\n\n<li>udziela konsultacji nauczycielom bibliotekarzom w zakresie ewidencji, gromadzenia i opracowania zbior\u00f3w<\/li>\n<\/ul>\n","protected":false},"excerpt":{"rendered":"<p>WYPO\u017bYCZALNIA DZIA\u0141 ZBIOR\u00d3W SPECJALNYCH DZIA\u0141 INFORMACYJNO \u2013 BIBLIOGRAFICZNY I CZYTELNIA Czytelnia ma charakter publiczny. Dzia\u0142 udost\u0119pnia swoje zbiory na miejscu [&hellip;]<\/p>\n","protected":false},"author":741,"featured_media":0,"parent":0,"menu_order":0,"comment_status":"closed","ping_status":"closed","template":"","meta":{"_acf_changed":false,"_oasis_is_in_workflow":0,"_oasis_original":0,"inline_featured_image":false,"site-sidebar-layout":"default","site-content-layout":"","ast-site-content-layout":"default","site-content-style":"default","site-sidebar-style":"default","ast-global-header-display":"","ast-banner-title-visibility":"","ast-main-header-display":"","ast-hfb-above-header-display":"","ast-hfb-below-header-display":"","ast-hfb-mobile-header-display":"","site-post-title":"","ast-breadcrumbs-content":"","ast-featured-img":"","footer-sml-layout":"","ast-disable-related-posts":"","theme-transparent-header-meta":"","adv-header-id-meta":"","stick-header-meta":"","header-above-stick-meta":"","header-main-stick-meta":"","header-below-stick-meta":"","astra-migrate-meta-layouts":"set","ast-page-background-enabled":"default","ast-page-background-meta":{"desktop":{"background-color":"","background-image":"","background-repeat":"repeat","background-position":"center center","background-size":"auto","background-attachment":"scroll","background-type":"","background-media":"","overlay-type":"","overlay-color":"","overlay-opacity":"","overlay-gradient":""},"tablet":{"background-color":"","background-image":"","background-repeat":"repeat","background-position":"center center","background-size":"auto","background-attachment":"scroll","background-type":"","background-media":"","overlay-type":"","overlay-color":"","overlay-opacity":"","overlay-gradient":""},"mobile":{"background-color":"","background-image":"","background-repeat":"repeat","background-position":"center center","background-size":"auto","background-attachment":"scroll","background-type":"","background-media":"","overlay-type":"","overlay-color":"","overlay-opacity":"","overlay-gradient":""}},"ast-content-background-meta":{"desktop":{"background-color":"var(--ast-global-color-5)","background-image":"","background-repeat":"repeat","background-position":"center center","background-size":"auto","background-attachment":"scroll","background-type":"","background-media":"","overlay-type":"","overlay-color":"","overlay-opacity":"","overlay-gradient":""},"tablet":{"background-color":"var(--ast-global-color-5)","background-image":"","background-repeat":"repeat","background-position":"center center","background-size":"auto","background-attachment":"scroll","background-type":"","background-media":"","overlay-type":"","overlay-color":"","overlay-opacity":"","overlay-gradient":""},"mobile":{"background-color":"var(--ast-global-color-5)","background-image":"","background-repeat":"repeat","background-position":"center center","background-size":"auto","background-attachment":"scroll","background-type":"","background-media":"","overlay-type":"","overlay-color":"","overlay-opacity":"","overlay-gradient":""}},"_themeisle_gutenberg_block_has_review":false,"footnotes":""},"class_list":["post-27955","page","type-page","status-publish","hentry"],"acf":[],"featured_image_urls_v2":{"full":"","thumbnail":"","medium":"","medium_large":"","large":"","1536x1536":"","2048x2048":"","menu-24x24":"","menu-36x36":"","menu-48x48":""},"post_excerpt_stackable_v2":"<p>WYPO\u017bYCZALNIA Udost\u0119pnia zbiory wypo\u017cyczalni na zewn\u0105trz Buduje komputerow\u0105 baz\u0119 u\u017cytkownik\u00f3w Biblioteki Udziela informacji katalogowych Propaguje ksi\u0105\u017cki i czytelnictwo Prowadzi statystyki wypo\u017cycze\u0144 Wysy\u0142a upomnienia Gromadzi dezyderaty czytelnik\u00f3w Prowadzi dokumentacj\u0119 zwi\u0105zan\u0105 z prac\u0105 dzia\u0142u Udost\u0119pnia kod PIN do wybranych publikacji w IBUK Libra Odpowiada za magazyny ksi\u0105\u017cek DZIA\u0141 ZBIOR\u00d3W SPECJALNYCH Gromadzi i udost\u0119pnia zbiory multimedialne i pomoce dydaktyczne Ewidencjonuje, kataloguje i klasyfikuje nabytki w systemie Prolib Pozyskuje dary od os\u00f3b prywatnych i instytucji Dokonuje selekcji zbior\u00f3w zniszczonych i zdezaktualizowanych Prowadzi dokumentacj\u0119 dzia\u0142u Sporz\u0105dza zestawienia bibliograficzne multimedi\u00f3w Promuje zbiory specjalne na stronie Biblioteki, Instagramie i Facebooku DZIA\u0141 INFORMACYJNO \u2013 BIBLIOGRAFICZNY I CZYTELNIA Czytelnia&hellip;<\/p>\n","category_list_v2":"","author_info_v2":{"name":"Aleksandra Cie\u015blicka","url":"https:\/\/bpprzasnysz.pl\/uk\/author\/acieslicka\/"},"comments_num_v2":"0 \u043a\u043e\u043c\u0435\u043d\u0442\u0430\u0440\u0456\u0432","_links":{"self":[{"href":"https:\/\/bpprzasnysz.pl\/uk\/wp-json\/wp\/v2\/pages\/27955","targetHints":{"allow":["GET"]}}],"collection":[{"href":"https:\/\/bpprzasnysz.pl\/uk\/wp-json\/wp\/v2\/pages"}],"about":[{"href":"https:\/\/bpprzasnysz.pl\/uk\/wp-json\/wp\/v2\/types\/page"}],"author":[{"embeddable":true,"href":"https:\/\/bpprzasnysz.pl\/uk\/wp-json\/wp\/v2\/users\/741"}],"replies":[{"embeddable":true,"href":"https:\/\/bpprzasnysz.pl\/uk\/wp-json\/wp\/v2\/comments?post=27955"}],"version-history":[{"count":8,"href":"https:\/\/bpprzasnysz.pl\/uk\/wp-json\/wp\/v2\/pages\/27955\/revisions"}],"predecessor-version":[{"id":28015,"href":"https:\/\/bpprzasnysz.pl\/uk\/wp-json\/wp\/v2\/pages\/27955\/revisions\/28015"}],"wp:attachment":[{"href":"https:\/\/bpprzasnysz.pl\/uk\/wp-json\/wp\/v2\/media?parent=27955"}],"curies":[{"name":"wp","href":"https:\/\/api.w.org\/{rel}","templated":true}]}}