{"id":28822,"date":"2024-05-17T10:57:08","date_gmt":"2024-05-17T08:57:08","guid":{"rendered":"https:\/\/bpprzasnysz.pl\/?page_id=28822"},"modified":"2024-05-17T10:57:10","modified_gmt":"2024-05-17T08:57:10","slug":"%d1%82%d0%b5%d0%bc%d0%b0%d1%82%d0%b8%d1%87%d0%bd%d1%96-%d1%81%d0%bf%d0%b8%d1%81%d0%ba%d0%b8","status":"publish","type":"page","link":"https:\/\/bpprzasnysz.pl\/uk\/%d1%82%d0%b5%d0%bc%d0%b0%d1%82%d0%b8%d1%87%d0%bd%d1%96-%d1%81%d0%bf%d0%b8%d1%81%d0%ba%d0%b8\/","title":{"rendered":"\u0422\u0435\u043c\u0430\u0442\u0438\u0447\u043d\u0456 \u0441\u043f\u0438\u0441\u043a\u0438"},"content":{"rendered":"\n<p>Opublikowano 22 pa\u017adziernika 2021 o godzinie 16:01 autor&nbsp;Biblioteka w Przasnyszu<\/p>\n\n\n\n<ol class=\"wp-block-list\">\n<li><a href=\"https:\/\/bpprzasnysz.pl\/ru\/autyzm\/\">Autyzm<\/a>\u2013 zestawienie bibliograficzne za lata 2010-2019 \u2013 wykaz opracowano na podstawie baz bibliograficznych Biblioteki Pedagogicznej w Ostro\u0142\u0119ce Filia w Przasnyszu. BP Przasnysz 2020.<\/li>\n\n\n\n<li><a href=\"https:\/\/bpprzasnysz.pl\/ru\/depresja\/\">Depresja<\/a>\u2013 zestawienie bibliograficzne za lata 2010-2019 \u2013 wykaz opracowano na podstawie baz bibliograficznych Biblioteki Pedagogicznej w Ostro\u0142\u0119ce Filia w Przasnyszu. BP Przasnysz 2020.<\/li>\n\n\n\n<li><a href=\"https:\/\/bpprzasnysz.pl\/ru\/jan-pawel-ii-bibliografia-w-100-lecie-urodzin-papieza\/\">\u015awi\u0119ty Jan Pawe\u0142 II<\/a>&nbsp;\u2013 bibliografia w 100-lecie urodzin Papie\u017ca \u2013 bibliografia obejmuje dzie\u0142a Papie\u017ca oraz opracowania po\u015bwi\u0119cone \u017cyciu i dzia\u0142alno\u015bci Jana Paw\u0142a II \u2013 dost\u0119pne w Bibliotece Pedagogicznej w Przasnyszu. BP Przasnysz 2020.<\/li>\n\n\n\n<li><a href=\"https:\/\/bpprzasnysz.pl\/ru\/jan-pawel-ii-scenariusze-lekcji-uroczystosci-szkolnych-i-konkursow-bibliografia-w-100-lecie-urodzin-papieza\/\">\u015awi\u0119ty Jan Pawe\u0142 II<\/a>&nbsp;\u2013 scenariusze lekcji, uroczysto\u015bci szkolnych i konkurs\u00f3w \u2013 bibliografia w 100-lecie urodzin Papie\u017ca. BP Przasnysz 2020.<\/li>\n\n\n\n<li><a href=\"https:\/\/bpprzasnysz.pl\/ru\/jan-pawel-ii-filmy-i-audiobooki-bibliografia-w-100-lecie-papieza\/\">\u015awi\u0119ty Jan Pawe\u0142 II<\/a>&nbsp;\u2013 filmy i audiobooki \u2013 bibliografia w 100-lecie urodzin Papie\u017ca . BP Przasnysz 2020.<\/li>\n\n\n\n<li><a href=\"https:\/\/bpprzasnysz.pl\/ru\/kompetencje-matematyczne\/\">Kompetencje matematyczne<\/a>&nbsp;\u2013 zestawienie bibliograficzne za lata 2010-2019. BP Przasnysz 2020.<\/li>\n<\/ol>\n","protected":false},"excerpt":{"rendered":"<p>Opublikowano 22 pa\u017adziernika 2021 o godzinie 16:01 autor&nbsp;Biblioteka w Przasnyszu<\/p>\n","protected":false},"author":89,"featured_media":0,"parent":0,"menu_order":0,"comment_status":"closed","ping_status":"closed","template":"","meta":{"_acf_changed":false,"_oasis_is_in_workflow":0,"_oasis_original":0,"inline_featured_image":false,"site-sidebar-layout":"default","site-content-layout":"","ast-site-content-layout":"default","site-content-style":"default","site-sidebar-style":"default","ast-global-header-display":"","ast-banner-title-visibility":"","ast-main-header-display":"","ast-hfb-above-header-display":"","ast-hfb-below-header-display":"","ast-hfb-mobile-header-display":"","site-post-title":"","ast-breadcrumbs-content":"","ast-featured-img":"","footer-sml-layout":"","ast-disable-related-posts":"","theme-transparent-header-meta":"","adv-header-id-meta":"","stick-header-meta":"","header-above-stick-meta":"","header-main-stick-meta":"","header-below-stick-meta":"","astra-migrate-meta-layouts":"set","ast-page-background-enabled":"default","ast-page-background-meta":{"desktop":{"background-color":"","background-image":"","background-repeat":"repeat","background-position":"center center","background-size":"auto","background-attachment":"scroll","background-type":"","background-media":"","overlay-type":"","overlay-color":"","overlay-opacity":"","overlay-gradient":""},"tablet":{"background-color":"","background-image":"","background-repeat":"repeat","background-position":"center center","background-size":"auto","background-attachment":"scroll","background-type":"","background-media":"","overlay-type":"","overlay-color":"","overlay-opacity":"","overlay-gradient":""},"mobile":{"background-color":"","background-image":"","background-repeat":"repeat","background-position":"center center","background-size":"auto","background-attachment":"scroll","background-type":"","background-media":"","overlay-type":"","overlay-color":"","overlay-opacity":"","overlay-gradient":""}},"ast-content-background-meta":{"desktop":{"background-color":"var(--ast-global-color-5)","background-image":"","background-repeat":"repeat","background-position":"center center","background-size":"auto","background-attachment":"scroll","background-type":"","background-media":"","overlay-type":"","overlay-color":"","overlay-opacity":"","overlay-gradient":""},"tablet":{"background-color":"var(--ast-global-color-5)","background-image":"","background-repeat":"repeat","background-position":"center center","background-size":"auto","background-attachment":"scroll","background-type":"","background-media":"","overlay-type":"","overlay-color":"","overlay-opacity":"","overlay-gradient":""},"mobile":{"background-color":"var(--ast-global-color-5)","background-image":"","background-repeat":"repeat","background-position":"center center","background-size":"auto","background-attachment":"scroll","background-type":"","background-media":"","overlay-type":"","overlay-color":"","overlay-opacity":"","overlay-gradient":""}},"_themeisle_gutenberg_block_has_review":false,"footnotes":""},"class_list":["post-28822","page","type-page","status-publish","hentry"],"acf":[],"featured_image_urls_v2":{"full":"","thumbnail":"","medium":"","medium_large":"","large":"","1536x1536":"","2048x2048":"","menu-24x24":"","menu-36x36":"","menu-48x48":""},"post_excerpt_stackable_v2":"<p>Opublikowano 22 pa\u017adziernika 2021 o godzinie 16:01 autor&nbsp;Biblioteka w Przasnyszu Autyzm\u2013 zestawienie bibliograficzne za lata 2010-2019 \u2013 wykaz opracowano na podstawie baz bibliograficznych Biblioteki Pedagogicznej w Ostro\u0142\u0119ce Filia w Przasnyszu. BP Przasnysz 2020. Depresja\u2013 zestawienie bibliograficzne za lata 2010-2019 \u2013 wykaz opracowano na podstawie baz bibliograficznych Biblioteki Pedagogicznej w Ostro\u0142\u0119ce Filia w Przasnyszu. BP Przasnysz 2020. \u015awi\u0119ty Jan Pawe\u0142 II&nbsp;\u2013 bibliografia w 100-lecie urodzin Papie\u017ca \u2013 bibliografia obejmuje dzie\u0142a Papie\u017ca oraz opracowania po\u015bwi\u0119cone \u017cyciu i dzia\u0142alno\u015bci Jana Paw\u0142a II \u2013 dost\u0119pne w Bibliotece Pedagogicznej w Przasnyszu. BP Przasnysz 2020. \u015awi\u0119ty Jan Pawe\u0142 II&nbsp;\u2013 scenariusze lekcji, uroczysto\u015bci szkolnych i konkurs\u00f3w \u2013&hellip;<\/p>\n","category_list_v2":"","author_info_v2":{"name":"dstolarek","url":"https:\/\/bpprzasnysz.pl\/uk\/author\/dstolarek\/"},"comments_num_v2":"0 \u043a\u043e\u043c\u0435\u043d\u0442\u0430\u0440\u0456\u0432","_links":{"self":[{"href":"https:\/\/bpprzasnysz.pl\/uk\/wp-json\/wp\/v2\/pages\/28822","targetHints":{"allow":["GET"]}}],"collection":[{"href":"https:\/\/bpprzasnysz.pl\/uk\/wp-json\/wp\/v2\/pages"}],"about":[{"href":"https:\/\/bpprzasnysz.pl\/uk\/wp-json\/wp\/v2\/types\/page"}],"author":[{"embeddable":true,"href":"https:\/\/bpprzasnysz.pl\/uk\/wp-json\/wp\/v2\/users\/89"}],"replies":[{"embeddable":true,"href":"https:\/\/bpprzasnysz.pl\/uk\/wp-json\/wp\/v2\/comments?post=28822"}],"version-history":[{"count":2,"href":"https:\/\/bpprzasnysz.pl\/uk\/wp-json\/wp\/v2\/pages\/28822\/revisions"}],"predecessor-version":[{"id":28831,"href":"https:\/\/bpprzasnysz.pl\/uk\/wp-json\/wp\/v2\/pages\/28822\/revisions\/28831"}],"wp:attachment":[{"href":"https:\/\/bpprzasnysz.pl\/uk\/wp-json\/wp\/v2\/media?parent=28822"}],"curies":[{"name":"wp","href":"https:\/\/api.w.org\/{rel}","templated":true}]}}