{"id":29275,"date":"2024-05-17T12:22:57","date_gmt":"2024-05-17T10:22:57","guid":{"rendered":"https:\/\/bpprzasnysz.pl\/?page_id=29275"},"modified":"2024-05-17T12:23:00","modified_gmt":"2024-05-17T10:23:00","slug":"%d0%bf%d1%80%d0%be-%d0%bd%d0%b0%d1%81-%d0%bf%d0%b8%d1%81%d0%b0%d0%bb%d0%b8","status":"publish","type":"page","link":"https:\/\/bpprzasnysz.pl\/uk\/%d0%bf%d1%80%d0%be-%d0%bd%d0%b0%d1%81-%d0%bf%d0%b8%d1%81%d0%b0%d0%bb%d0%b8\/","title":{"rendered":"\u041f\u0440\u043e \u043d\u0430\u0441 \u043f\u0438\u0441\u0430\u043b\u0438"},"content":{"rendered":"\n<ol class=\"wp-block-list\">\n<li><em>Akt wmurowany<\/em>\u00a0\/ PH \/\/ Rozmaito\u015bci Ostro\u0142\u0119ckie, 2009, nr 199, s. 3.<\/li>\n\n\n\n<li>Bartnicka Agata:\u00a0<em>Dzia\u0142alno\u015b\u0107 Pedagogicznej Biblioteki Wojew\u00f3dzkiej w Ostro\u0142\u0119ce w latach 1975 \u2013 1995.<\/em>\u00a0Praca magisterska napisana pod kierunkiem dr \u0141ucji Kabzi\u0144skiej. Olsztyn, 1998. (Biblioteka Pedagogiczna w Ostro\u0142\u0119ce)<\/li>\n\n\n\n<li><em>Belfry surfuj\u0105<\/em>\u00a0\/ (nan) \/\/ Ostro\u0142\u0119cka Gazeta Wsp\u00f3\u0142czesna, 2006, nr 25, s.9<\/li>\n\n\n\n<li><em>Biblioteka belfr\u00f3w<\/em>\u00a0\/ oprac.AW \/\/ Rozmaito\u015bci Ostro\u0142\u0119ckie, 2005, nr 105.<\/li>\n\n\n\n<li><em>Biblioteka jutra<\/em>\u00a0\/ (awo) \/\/ Tygodnik Ostro\u0142\u0119cki z dn. 12 maja 2009, s. (20).<\/li>\n\n\n\n<li><em>Biblioteka Pedagogiczna<\/em>\u00a0\/ (AW) \/\/ Ratusz Ostro\u0142\u0119cki, 1998, nr 9, s. 10<\/li>\n\n\n\n<li><em>Biblioteka pomaga pedagogom<\/em>\u00a0\/ (HM) \/\/ Trybuna Mazowiecka, 1965, nr 174, s. 2<\/li>\n\n\n\n<li><em>Dyrektorka doceniona<\/em>\u00a0\/ (jaz) \/\/ Tygodnik Ostro\u0142\u0119cki, 2006, nr 44, s. 10<\/li>\n\n\n\n<li>Ho\u0142da Bogumi\u0142 :\u00a0<em>Wakacje z ksi\u0105\u017ck\u0105<\/em>\u00a0\/\/ Nasza Trybuna, 1978, nr 130, s.1<\/li>\n\n\n\n<li>Jakubowski Stefan :\u00a0<em>W s\u0142u\u017cbie studiuj\u0105cych nauczycieli<\/em>\u00a0\/\/ G\u0142os Nauczycielski, 1976, nr 17, s.8<\/li>\n\n\n\n<li>[ Kwiatkowski Andrzej] :\u00a0<em>Ksi\u0105\u017cki w jasnych salach<\/em>\/ (And) \/\/ Gazeta Wyborcza, 1995, nr 219 ; Wk\u0142adka Gazeta w Bia\u0142ymstoku, s.2<\/li>\n\n\n\n<li>[Kwiatkowski Andrzej]:\u00a0<em>Kto studiuje, ten czytuje<\/em>\u00a0\/ (AND) \/\/ Ratusz Ostro\u0142\u0119cki, 1997, nr 2, s. 10<\/li>\n\n\n\n<li>Nie tylko rega\u0142y z ksi\u0105\u017ckami: ostro\u0142\u0119ckie biblioteki zaprosi\u0142y na nocne spotkania \/ Anna Wo\u0142osz \/\/ Tygodnik Ostro\u0142\u0119cki. \u2013 2016, nr 23, s. 4<\/li>\n\n\n\n<li>Mi\u0119dzy tabletem a ksi\u0105\u017ck\u0105 z papieru : pracownicy bibliotek z powiatu obchodzili swoje \u015bwi\u0119to w MBP \/ Anna Wo\u0142osz \/\/ Tygodnik Ostro\u0142\u0119cki. \u2013 2016, nr 24, s. 13<\/li>\n\n\n\n<li><em>Min\u0105\u0142 w\u0142a\u015bnie rok\u2026<\/em>\/ (ar) \/\/ Tygodnik Ostro\u0142\u0119cki, 1996, nr 41, s.7<\/li>\n\n\n\n<li>Pajka Stanis\u0142aw :\u00a0<em>Chocia\u017c wakacje\u2026<\/em>\u00a0\/\/ Trybuna Mazowiecka, 1966,<\/li>\n\n\n\n<li>Pajka Stanis\u0142aw :\u00a0<em>Ksi\u0105\u017cka pedagogiczna na Kurpiach<\/em>\u00a0\/\/Trybuna Mazowiecka, 1964, nr 40, s.6<\/li>\n\n\n\n<li><em>S\u0142u\u017cy pomoc\u0105 nauczycielom<\/em>\u00a0\/ (E.I.P.) \/\/ Nasza Trybuna, 1980, nr 201, s.6<\/li>\n\n\n\n<li>Suchecka Bo\u017cena:\u00a0<em>Pedagogiczna Biblioteka Wojew\u00f3dzka w Ostro\u0142\u0119ce. 1950 \u2013 1995.<\/em>\u00a0Praca magisterska napisana pod kierunkiem prof. dr. Hab. J\u00f3zefa Wojakowskiego. Warszawa. 1996. (Biblioteka Pedagogiczna w Ostro\u0142\u0119ce).<\/li>\n\n\n\n<li><em>Uczniowie autorami ksi\u0105\u017cek<\/em>\u00a0\/ (ik) \/\/ Kurier Ostro\u0142\u0119cki, z dn. 7.05.2009, s. 6.<\/li>\n\n\n\n<li><em>W pedagogicznej ksi\u0105\u017cnicy<\/em>\u00a0\/ (E) \/\/ Trybuna Mazowiecka, 1981, nr 208, s.6<\/li>\n\n\n\n<li><em>Wydajemy w\u0142asn\u0105 ksi\u0105\u017ck\u0119<\/em>\u00a0\/ oprac. mm \/\/ Tygodnik Ostro\u0142\u0119cki z dn. 12 maja 2009, s. 23.<\/li>\n<\/ol>\n","protected":false},"excerpt":{"rendered":"","protected":false},"author":89,"featured_media":0,"parent":0,"menu_order":0,"comment_status":"closed","ping_status":"closed","template":"","meta":{"_acf_changed":false,"_oasis_is_in_workflow":0,"_oasis_original":0,"inline_featured_image":false,"site-sidebar-layout":"default","site-content-layout":"","ast-site-content-layout":"default","site-content-style":"default","site-sidebar-style":"default","ast-global-header-display":"","ast-banner-title-visibility":"","ast-main-header-display":"","ast-hfb-above-header-display":"","ast-hfb-below-header-display":"","ast-hfb-mobile-header-display":"","site-post-title":"","ast-breadcrumbs-content":"","ast-featured-img":"","footer-sml-layout":"","ast-disable-related-posts":"","theme-transparent-header-meta":"","adv-header-id-meta":"","stick-header-meta":"","header-above-stick-meta":"","header-main-stick-meta":"","header-below-stick-meta":"","astra-migrate-meta-layouts":"set","ast-page-background-enabled":"default","ast-page-background-meta":{"desktop":{"background-color":"","background-image":"","background-repeat":"repeat","background-position":"center center","background-size":"auto","background-attachment":"scroll","background-type":"","background-media":"","overlay-type":"","overlay-color":"","overlay-opacity":"","overlay-gradient":""},"tablet":{"background-color":"","background-image":"","background-repeat":"repeat","background-position":"center center","background-size":"auto","background-attachment":"scroll","background-type":"","background-media":"","overlay-type":"","overlay-color":"","overlay-opacity":"","overlay-gradient":""},"mobile":{"background-color":"","background-image":"","background-repeat":"repeat","background-position":"center center","background-size":"auto","background-attachment":"scroll","background-type":"","background-media":"","overlay-type":"","overlay-color":"","overlay-opacity":"","overlay-gradient":""}},"ast-content-background-meta":{"desktop":{"background-color":"var(--ast-global-color-5)","background-image":"","background-repeat":"repeat","background-position":"center center","background-size":"auto","background-attachment":"scroll","background-type":"","background-media":"","overlay-type":"","overlay-color":"","overlay-opacity":"","overlay-gradient":""},"tablet":{"background-color":"var(--ast-global-color-5)","background-image":"","background-repeat":"repeat","background-position":"center center","background-size":"auto","background-attachment":"scroll","background-type":"","background-media":"","overlay-type":"","overlay-color":"","overlay-opacity":"","overlay-gradient":""},"mobile":{"background-color":"var(--ast-global-color-5)","background-image":"","background-repeat":"repeat","background-position":"center center","background-size":"auto","background-attachment":"scroll","background-type":"","background-media":"","overlay-type":"","overlay-color":"","overlay-opacity":"","overlay-gradient":""}},"_themeisle_gutenberg_block_has_review":false,"footnotes":""},"class_list":["post-29275","page","type-page","status-publish","hentry"],"acf":[],"featured_image_urls_v2":{"full":"","thumbnail":"","medium":"","medium_large":"","large":"","1536x1536":"","2048x2048":"","menu-24x24":"","menu-36x36":"","menu-48x48":""},"post_excerpt_stackable_v2":"<p>Akt wmurowany\u00a0\/ PH \/\/ Rozmaito\u015bci Ostro\u0142\u0119ckie, 2009, nr 199, s. 3. Bartnicka Agata:\u00a0Dzia\u0142alno\u015b\u0107 Pedagogicznej Biblioteki Wojew\u00f3dzkiej w Ostro\u0142\u0119ce w latach 1975 \u2013 1995.\u00a0Praca magisterska napisana pod kierunkiem dr \u0141ucji Kabzi\u0144skiej. Olsztyn, 1998. (Biblioteka Pedagogiczna w Ostro\u0142\u0119ce) Belfry surfuj\u0105\u00a0\/ (nan) \/\/ Ostro\u0142\u0119cka Gazeta Wsp\u00f3\u0142czesna, 2006, nr 25, s.9 Biblioteka belfr\u00f3w\u00a0\/ oprac.AW \/\/ Rozmaito\u015bci Ostro\u0142\u0119ckie, 2005, nr 105. Biblioteka jutra\u00a0\/ (awo) \/\/ Tygodnik Ostro\u0142\u0119cki z dn. 12 maja 2009, s. (20). Biblioteka Pedagogiczna\u00a0\/ (AW) \/\/ Ratusz Ostro\u0142\u0119cki, 1998, nr 9, s. 10 Biblioteka pomaga pedagogom\u00a0\/ (HM) \/\/ Trybuna Mazowiecka, 1965, nr 174, s. 2 Dyrektorka doceniona\u00a0\/ (jaz) \/\/ Tygodnik Ostro\u0142\u0119cki, 2006, nr&hellip;<\/p>\n","category_list_v2":"","author_info_v2":{"name":"dstolarek","url":"https:\/\/bpprzasnysz.pl\/uk\/author\/dstolarek\/"},"comments_num_v2":"0 \u043a\u043e\u043c\u0435\u043d\u0442\u0430\u0440\u0456\u0432","_links":{"self":[{"href":"https:\/\/bpprzasnysz.pl\/uk\/wp-json\/wp\/v2\/pages\/29275","targetHints":{"allow":["GET"]}}],"collection":[{"href":"https:\/\/bpprzasnysz.pl\/uk\/wp-json\/wp\/v2\/pages"}],"about":[{"href":"https:\/\/bpprzasnysz.pl\/uk\/wp-json\/wp\/v2\/types\/page"}],"author":[{"embeddable":true,"href":"https:\/\/bpprzasnysz.pl\/uk\/wp-json\/wp\/v2\/users\/89"}],"replies":[{"embeddable":true,"href":"https:\/\/bpprzasnysz.pl\/uk\/wp-json\/wp\/v2\/comments?post=29275"}],"version-history":[{"count":2,"href":"https:\/\/bpprzasnysz.pl\/uk\/wp-json\/wp\/v2\/pages\/29275\/revisions"}],"predecessor-version":[{"id":29293,"href":"https:\/\/bpprzasnysz.pl\/uk\/wp-json\/wp\/v2\/pages\/29275\/revisions\/29293"}],"wp:attachment":[{"href":"https:\/\/bpprzasnysz.pl\/uk\/wp-json\/wp\/v2\/media?parent=29275"}],"curies":[{"name":"wp","href":"https:\/\/api.w.org\/{rel}","templated":true}]}}