{"id":38086,"date":"2025-10-28T11:27:24","date_gmt":"2025-10-28T10:27:24","guid":{"rendered":"https:\/\/bpprzasnysz.pl\/?page_id=38086"},"modified":"2025-10-28T11:29:47","modified_gmt":"2025-10-28T10:29:47","slug":"lek-egzaminacyjny-a-dobrostan-u-maturzystow","status":"publish","type":"page","link":"https:\/\/bpprzasnysz.pl\/uk\/lek-egzaminacyjny-a-dobrostan-u-maturzystow\/","title":{"rendered":"L\u0119k egzaminacyjny a dobrostan u maturzyst\u00f3w"},"content":{"rendered":"\n<p><strong>L\u0118K EGZAMINACYJNY A DOBROSTAN U MATURZYST\u00d3W &#8211;\u00a0zestawienie bibliograficzne w wyborze ze zbior\u00f3w Biblioteki Pedagogicznej w Ostro\u0142\u0119ce \u00a0Filia w Przasnyszu<\/strong><\/p>\n\n\n\n<p>opracowa\u0142a: Agnieszka Leszczy\u0144ska<\/p>\n\n\n\n<p><strong>Chc\u0119 \u017cy\u0107! \u017by\u0107 inaczej : techniki wspierania ucznia w kryzysie suicydalnym<\/strong> \/ Agnieszka Jaros, Magdalena Staniaszek. &#8211; \u0141\u00f3d\u017a : Wydawnictwo Uniwersytetu \u0141\u00f3dzkiego 2024. Sygnatura W 47703<\/p>\n\n\n\n<p><strong>Choroba egzaminacyjna<\/strong> \/ Algierd Tarachowicz. &#8211; \u0141\u00f3d\u017a : Bookplan.pl [2022]. Sygnatura W 45432<\/p>\n\n\n\n<p><strong>Cyfrowe szale\u0144stwo<\/strong> <strong>: jak media spo\u0142eczno\u015bciowe nap\u0119dzaj\u0105 kryzys zdrowia psychicznego i jak odzyska\u0107 r\u00f3wnowag\u0119<\/strong> \/ Nicholas Kardaras, Ph. D.. &#8211; Warszawa : CeDeWu 2023.&nbsp; Sygnatura W 45641<\/p>\n\n\n\n<p><strong>Depresja u dzieci i m\u0142odzie\u017cy : jak chroni\u0107 i pom\u00f3c<\/strong> \/ Anna Duman . &#8211; Warszawa : Wydawnictwo RM 2023. <strong>Sygnatura <\/strong>W 46324<\/p>\n\n\n\n<p><strong>Depresja u nastolatka : poradnik dla rodzic\u00f3w<\/strong> \/ Monika Parkinson i Shirley Reynolds ;<\/p>\n\n\n\n<p><strong>Diagnoza ryzyka samob\u00f3jstwa u m\u0142odzie\u017cy i doros\u0142ych<\/strong> \/ Jaros\u0142aw Stukan. &#8211; Opole : Polskie Towarzystwo Zapobiegania Samob\u00f3jstwom [2023]. Sygnatura W 46120<\/p>\n\n\n\n<p><strong>Dogadaj si\u0119 z emocjami : przewodnik po uczuciach : jak lepiej je rozpoznawa\u0107 i nauczy\u0107 si\u0119 je regulowa\u0107<\/strong> \/Milena Wojnarowska. &#8211; Krak\u00f3w : Znak Koncept 2024. Sygnatura W 47352<\/p>\n\n\n\n<p><strong>Dorastanie bez l\u0119ku<\/strong> \/ Sheri L. Turrell, Christopher McCurry, Mary Bell. &#8211; Sopot :Gda\u0144skie Wydawnictwo Psychologiczne 2020. Sygnatura W 43296<\/p>\n\n\n\n<p><strong>Droga udanego \u017cycia : jak osi\u0105gn\u0105\u0107 wewn\u0119trzn\u0105 harmoni\u0119 w\u015br\u00f3d emocjonalnych zmaga\u0144 \/<\/strong> Przemys\u0142aw Krawiec, Marcin Nowak. &#8211; Krak\u00f3w : Wydawnictwo WAM 2024.&nbsp; Sygnatura W 47459<\/p>\n\n\n\n<p><strong>Droga udanego \u017cycia : jak osi\u0105gn\u0105\u0107 wewn\u0119trzn\u0105 harmoni\u0119 w\u015br\u00f3d emocjonalnych zmaga\u0144<\/strong> \/ Przemys\u0142aw Krawiec, Marcin Nowak. &#8211; Krak\u00f3w : Wydawnictwo WAM 2024. Sygnatura W 47459<\/p>\n\n\n\n<p><strong>Emocjonalne dziedzictwo : terapeutka, pacjenci i spu\u015bcizna traumy<\/strong> \/ Galit Atlas. &#8211; Warszawa: Wydawnictwo Czarna Owca 2023. Sygnatura W 45970<\/p>\n\n\n\n<p><strong>Jak b\u0142yskawicznie poprawi\u0107 nastr\u00f3j : awaryjne sposoby na niepok\u00f3j, l\u0119k i stres<\/strong> \/ dr Olivia Remes. &#8211; Warszawa : Wydawnictwo Czarna Owca 2023 Sygnatura W 45977<\/p>\n\n\n\n<p><strong>Jak b\u0142yskawicznie poprawi\u0107 nastr\u00f3j : awaryjne sposoby na niepok\u00f3j, l\u0119k i stres<\/strong> \/ dr Olivia Remes. &#8211; Warszawa : Wydawnictwo Czarna Owca 2023. <strong>Sygnatura <\/strong>W 45977<\/p>\n\n\n\n<p><strong>Jak pokonywa\u0107 problemy behawioralne i emocjonalne u dzieci i m\u0142odzie\u017cy<\/strong> \/ Roy Howarth, Pam Fisher. &#8211; Warszawa : Wydawnictwo K. E. Liber 2005. <strong>Sygnatura <\/strong>W 30761<\/p>\n\n\n\n<p><strong>Jak wspiera\u0107 dzieci w kryzysie? : poradnik dla rodzic\u00f3w nie tylko na czas globalnej pandemii<\/strong> \/ Ma\u0142gorzata Taraszkiewicz, Zofia Nalepa. &#8211; Pozna\u0144 : \u015awi\u0119ty Wojciech wydawnictwo 2020. Sygnatura W 43210<\/p>\n\n\n\n<p><strong>Kryzys psychiczny : odzyskiwanie zdrowia, wsparcie spo\u0142eczne, praca socjalna \/<\/strong> Pawe\u0142 Bronowski, Hubert Kaszy\u0144ski, Olga Maciejewska. &#8211; Warszawa : Difin 2019. Sygnatura W 45090<\/p>\n\n\n\n<p><strong>Kryzys psychiczny w nowoczesnym \u015bwiecie \/<\/strong> redakcja naukowa \u0141ukasz Gaw\u0119da. &#8211; Warszawa : PWN : Instytut Psychologii. Polska Akademia Nauk 2021. Sygnatura W 45499<\/p>\n\n\n\n<p><strong>Kryzys psychologiczny : wybrane zagadnienia<\/strong> \/ Barbara Pilecka. &#8211; Krak\u00f3w : Wydawnictwo Uniwersytetu Jagiello\u0144skiego 2004. Sygnatura W 29210<\/p>\n\n\n\n<p><strong>Kryzys w szkole : kr\u00f3tki poradnik psychologiczny<\/strong> \/ Jaros\u0142aw Jagie\u0142a. &#8211; Krak\u00f3w : Wydawnictwo Rubikon 2009. Sygnatura W 34986<\/p>\n\n\n\n<p><strong>Kryzys, interwencja i pomoc psychologiczna : nowe uj\u0119cia i mo\u017cliwo\u015bci<\/strong> \/ red. Dorota Kubacka-Jasiecka, Krzysztof Mudy\u0144 ; Uniwersytet Jagiello\u0144ski. Instytut Psychologii Stosowanej. &#8211; Toru\u0144 : 2004. Sygnatura W 29807<\/p>\n\n\n\n<p><strong>Kultura rywalizacji i wsp\u00f3\u0142pracy w szkole <\/strong>\/ Bogus\u0142aw \u015aliwerski. &#8211; Warszawa : Wolters Kluwer 2022. Sygnatura W 45758 W<\/p>\n\n\n\n<p><strong>L\u0119k i fobia : praktyczny podr\u0119cznik dla os\u00f3b z zaburzeniami l\u0119kowymi \/<\/strong> Edmund J.Bourne ; t\u0142. Robert Andruszko. &#8211; Krak\u00f3w : Wydawnictwo Uniwersytetu Jagiello\u0144skiego 2011. Sygnatura W 36706<\/p>\n\n\n\n<p><strong>L\u0119k i fobie nastolatk\u00f3w : jak pom\u00f3c dzieciom przezwyci\u0119\u017cy\u0107 napady paniki <\/strong>\/ Sara G. Mattis, Thomas H.Ollendick. &#8211; Gda\u0144sk : Gda\u0144skie Wydaw. Psychologiczne 2004. Sygnatura W 29269<\/p>\n\n\n\n<p><strong>L\u0119k i zamartwianie si\u0119 u nastolatk\u00f3w : poradnik z \u0107wiczeniami<\/strong> \/ Lisa M. Schab. &#8211; Krak\u00f3w : Wydawnictwo Uniwersytetu Jagiello\u0144skiego. 2017. <strong>Sygnatura <\/strong>W 41490<\/p>\n\n\n\n<p><strong>My\u015bli samob\u00f3jcze u nastolatk\u00f3w : jak pokona\u0107 b\u00f3l emocjonalny, odzyska\u0107 si\u0142\u0119 i przywr\u00f3ci\u0107 \u017cyciu sens<\/strong> \/ Jeremy W. Pettit, Ryan M. Hill ;. &#8211; Sopot : GWP 2023. Sygnatura W 46350<\/p>\n\n\n\n<p><strong>Nastolatek w kryzysie : karty terapeutyczne i karty pracy psychologiczno-pedagogicznej<\/strong> \/ Agnieszka Lasota. &#8211; Warszawa : Difin 2022. Sygnatura W 46772 W<\/p>\n\n\n\n<p><strong>Nastolatki na kraw\u0119dzi : czego nie wiecie o problemach swoich c\u00f3rek<\/strong> \/ rozmawiaj\u0105 Krystyna Romanowska,Agnieszka D\u0105browska, Marta Nied\u017awiedzka. &#8211; Warszawa : MUZA SA 2023. <strong>Sygnatura <\/strong>W 45893<\/p>\n\n\n\n<p><strong>Nowa psychologia zarz\u0105dzania : jak b\u0142yskawicznie zmotywowa\u0107 tych, kt\u00f3rym chce si\u0119 najmniej<\/strong> \/ Tomasz Gordon. &#8211; Gliwice : Onepress 2020. <strong>Sygnatura <\/strong>W 43794<\/p>\n\n\n\n<p><strong>Pierwsza pomoc psychologiczna : jak wspiera\u0107 osoby w kryzysie psychicznym?<\/strong> \/ Ewelina Supi\u0144ska. &#8211; Warszawa : PWN 2024. Sygnatura W 47151<\/p>\n\n\n\n<p><strong>Pozytywne interwencje psychologiczne : dobrostan a zachowania intencjonalne<\/strong> \/ \u0141ukasz D. Kaczmarek.. &#8211; Pozna\u0144 : Zysk i S-ka Wydawnictwo 2016 Sygnatura W 40673<\/p>\n\n\n\n<p><strong>Przezwyci\u0119\u017canie kryzys\u00f3w \u017cyciowych przez osoby doros\u0142e <\/strong>\/ Jerzy Stochmia\u0142ek. &#8211; Warszawa : Wydawnictwo Uniwersytetu Kardyna\u0142a Stefana Wyszy\u0144skiego 2009. Sygnatura W 35436<\/p>\n\n\n\n<p><strong>Psychologia m\u00f3zgu nastolatka<\/strong> \/ John Coleman ; t\u0142umaczenie Katarzyna Piszczek. &#8211; \u0141\u00f3d\u017a : Wydawnictwo Uniwersytetu \u0141\u00f3dzkiego 2025. Sygnatura W 47672<\/p>\n\n\n\n<p><strong>Psychologia szcz\u0119\u015bcia : kto, kiedy i dlaczego kocha \u017cycie i co z tego wynika, czyli Nowa ods\u0142ona teorii cebulowej <\/strong>\/ Janusz Czapi\u0144ski. &#8211; Warszawa : Wydawnictwo Naukowe Scholar 2017. Sygnatura W 41534<\/p>\n\n\n\n<p><strong>Psychologiczny wymiar zdrowia, kryzysu i choroby<\/strong> \/ red. Dorota Kubacka-Jasiecka, Tadeusz Marian Ostrowski. &#8211; Krak\u00f3w : Wydawnictwo Uniwersytetu Jagiello\u0144skiego 2005. Sygnatura W 30802<\/p>\n\n\n\n<p><strong>Sukces na egzaminie<\/strong> \/ Marek Gr\u0119bski. &#8211; Warszawa : Wydawnictwa Szkolne i Pedagogiczne 2004. Sygn. W 29263<\/p>\n\n\n\n<p><strong>Syndrom Nieadekwatnych Osi\u0105gni\u0119\u0107 jako niepowodzenie szkolne uczni\u00f3w zdolnych : diagnoza i terapia <\/strong>\/Beata Dyrda. &#8211; Krak\u00f3w : &#8220;Impuls&#8221; 2000.Sygnatura W 27422<\/p>\n\n\n\n<p><strong>Szcz\u0119\u015bcie : jak \u017cy\u0107 bez presji i dba\u0107 o sw\u00f3j dobrostan<\/strong> \/ Niro Feliciano ; prze\u0142o\u017cy\u0142a Zuzanna Lam\u017ca. -Pozna\u0144: Filia 2023. Sygnatura W 46804<\/p>\n\n\n\n<p><strong>Szcz\u0119\u015bliwe i silne dziecko : jak uchroni\u0107 dzieci przed kryzysami psychicznymi<\/strong> \/ Monika Szubrycht. &#8211; Krak\u00f3w : Mando 2022. Sygnatura W 46172<\/p>\n\n\n\n<p><strong>Ta\u0144cz\u0105c : rozmowy o kryzysie i przemianie<\/strong> \/ Bart\u0142omiej Dobroczy\u0144ski ; [rozmawia\u0142a] Agnieszka Jucewicz. &#8211; Warszawa : Wydawnictwo Agora 2024. Sygnatura W 46806<\/p>\n\n\n\n<p><strong>W sieci natr\u0119tnych my\u015bli : jak uwolni\u0107 si\u0119 od bezustannej walki z l\u0119kiem i niepokojem<\/strong> \/ Kelly G. Wilson, Troy DuFrene ; przek\u0142ad Agnieszka Cioch. &#8211; Sopot : Gda\u0144skie Wydawnictwo Psychologiczne 2018. Sygnatura W41949<\/p>\n\n\n\n<p><strong>Zarz\u0105dzanie w kryzysie : aspekty organizacyjne i psychologiczne<\/strong> \/ Sylwia Wojciechowska-Filipek, Beata Mazurek-Kucharska. &#8211; Warszawa : CeDeWu 2019. Sygnatura W 42714<\/p>\n\n\n\n<p><strong>Zasoby osobiste i spo\u0142eczne a dobrostan psychiczny wychowank\u00f3w m\u0142odzie\u017cowych o\u015brodk\u00f3w wychowawczych<\/strong> \/ Anna D\u0105browska. &#8211; Krak\u00f3w : Wydawnictwo Uniwersytetu Jagiello\u0144skiego 2023. Sygnatura W 36399<\/p>\n","protected":false},"excerpt":{"rendered":"<p>L\u0118K EGZAMINACYJNY A DOBROSTAN U MATURZYST\u00d3W &#8211;\u00a0zestawienie bibliograficzne w wyborze ze zbior\u00f3w Biblioteki Pedagogicznej w Ostro\u0142\u0119ce \u00a0Filia w Przasnyszu opracowa\u0142a: [&hellip;]<\/p>\n","protected":false},"author":1285,"featured_media":0,"parent":0,"menu_order":0,"comment_status":"closed","ping_status":"closed","template":"","meta":{"_acf_changed":false,"_oasis_is_in_workflow":0,"_oasis_original":0,"inline_featured_image":false,"site-sidebar-layout":"default","site-content-layout":"","ast-site-content-layout":"default","site-content-style":"default","site-sidebar-style":"default","ast-global-header-display":"","ast-banner-title-visibility":"","ast-main-header-display":"","ast-hfb-above-header-display":"","ast-hfb-below-header-display":"","ast-hfb-mobile-header-display":"","site-post-title":"","ast-breadcrumbs-content":"","ast-featured-img":"","footer-sml-layout":"","ast-disable-related-posts":"","theme-transparent-header-meta":"","adv-header-id-meta":"","stick-header-meta":"","header-above-stick-meta":"","header-main-stick-meta":"","header-below-stick-meta":"","astra-migrate-meta-layouts":"set","ast-page-background-enabled":"default","ast-page-background-meta":{"desktop":{"background-color":"","background-image":"","background-repeat":"repeat","background-position":"center center","background-size":"auto","background-attachment":"scroll","background-type":"","background-media":"","overlay-type":"","overlay-color":"","overlay-opacity":"","overlay-gradient":""},"tablet":{"background-color":"","background-image":"","background-repeat":"repeat","background-position":"center center","background-size":"auto","background-attachment":"scroll","background-type":"","background-media":"","overlay-type":"","overlay-color":"","overlay-opacity":"","overlay-gradient":""},"mobile":{"background-color":"","background-image":"","background-repeat":"repeat","background-position":"center center","background-size":"auto","background-attachment":"scroll","background-type":"","background-media":"","overlay-type":"","overlay-color":"","overlay-opacity":"","overlay-gradient":""}},"ast-content-background-meta":{"desktop":{"background-color":"var(--ast-global-color-5)","background-image":"","background-repeat":"repeat","background-position":"center center","background-size":"auto","background-attachment":"scroll","background-type":"","background-media":"","overlay-type":"","overlay-color":"","overlay-opacity":"","overlay-gradient":""},"tablet":{"background-color":"var(--ast-global-color-5)","background-image":"","background-repeat":"repeat","background-position":"center center","background-size":"auto","background-attachment":"scroll","background-type":"","background-media":"","overlay-type":"","overlay-color":"","overlay-opacity":"","overlay-gradient":""},"mobile":{"background-color":"var(--ast-global-color-5)","background-image":"","background-repeat":"repeat","background-position":"center center","background-size":"auto","background-attachment":"scroll","background-type":"","background-media":"","overlay-type":"","overlay-color":"","overlay-opacity":"","overlay-gradient":""}},"_themeisle_gutenberg_block_has_review":false,"footnotes":""},"class_list":["post-38086","page","type-page","status-publish","hentry"],"acf":[],"featured_image_urls_v2":{"full":"","thumbnail":"","medium":"","medium_large":"","large":"","1536x1536":"","2048x2048":"","menu-24x24":"","menu-36x36":"","menu-48x48":""},"post_excerpt_stackable_v2":"<p>L\u0118K EGZAMINACYJNY A DOBROSTAN U MATURZYST\u00d3W &#8211;\u00a0zestawienie bibliograficzne w wyborze ze zbior\u00f3w Biblioteki Pedagogicznej w Ostro\u0142\u0119ce \u00a0Filia w Przasnyszu opracowa\u0142a: Agnieszka Leszczy\u0144ska Chc\u0119 \u017cy\u0107! \u017by\u0107 inaczej : techniki wspierania ucznia w kryzysie suicydalnym \/ Agnieszka Jaros, Magdalena Staniaszek. &#8211; \u0141\u00f3d\u017a : Wydawnictwo Uniwersytetu \u0141\u00f3dzkiego 2024. Sygnatura W 47703 Choroba egzaminacyjna \/ Algierd Tarachowicz. &#8211; \u0141\u00f3d\u017a : Bookplan.pl [2022]. Sygnatura W 45432 Cyfrowe szale\u0144stwo : jak media spo\u0142eczno\u015bciowe nap\u0119dzaj\u0105 kryzys zdrowia psychicznego i jak odzyska\u0107 r\u00f3wnowag\u0119 \/ Nicholas Kardaras, Ph. D.. &#8211; Warszawa : CeDeWu 2023.&nbsp; Sygnatura W 45641 Depresja u dzieci i m\u0142odzie\u017cy : jak chroni\u0107 i pom\u00f3c \/ Anna&hellip;<\/p>\n","category_list_v2":"","author_info_v2":{"name":"Luiza Dawidziuk","url":"https:\/\/bpprzasnysz.pl\/uk\/author\/luizad\/"},"comments_num_v2":"0 \u043a\u043e\u043c\u0435\u043d\u0442\u0430\u0440\u0456\u0432","_links":{"self":[{"href":"https:\/\/bpprzasnysz.pl\/uk\/wp-json\/wp\/v2\/pages\/38086","targetHints":{"allow":["GET"]}}],"collection":[{"href":"https:\/\/bpprzasnysz.pl\/uk\/wp-json\/wp\/v2\/pages"}],"about":[{"href":"https:\/\/bpprzasnysz.pl\/uk\/wp-json\/wp\/v2\/types\/page"}],"author":[{"embeddable":true,"href":"https:\/\/bpprzasnysz.pl\/uk\/wp-json\/wp\/v2\/users\/1285"}],"replies":[{"embeddable":true,"href":"https:\/\/bpprzasnysz.pl\/uk\/wp-json\/wp\/v2\/comments?post=38086"}],"version-history":[{"count":4,"href":"https:\/\/bpprzasnysz.pl\/uk\/wp-json\/wp\/v2\/pages\/38086\/revisions"}],"predecessor-version":[{"id":38101,"href":"https:\/\/bpprzasnysz.pl\/uk\/wp-json\/wp\/v2\/pages\/38086\/revisions\/38101"}],"wp:attachment":[{"href":"https:\/\/bpprzasnysz.pl\/uk\/wp-json\/wp\/v2\/media?parent=38086"}],"curies":[{"name":"wp","href":"https:\/\/api.w.org\/{rel}","templated":true}]}}